{"id":115,"date":"2023-10-17T19:00:18","date_gmt":"2023-10-17T17:00:18","guid":{"rendered":"https:\/\/christellefelixformation.com\/?page_id=115"},"modified":"2024-01-27T12:51:23","modified_gmt":"2024-01-27T11:51:23","slug":"mention-legale","status":"publish","type":"page","link":"https:\/\/christellefelixformation.com\/index.php\/mention-legale\/","title":{"rendered":"Mentions L\u00e9gales"},"content":{"rendered":"\t\t<div data-elementor-type=\"wp-page\" data-elementor-id=\"115\" class=\"elementor elementor-115\">\n\t\t\t\t<div class=\"elementor-element elementor-element-39e0be33 e-con-full e-flex wpr-particle-no wpr-jarallax-no wpr-parallax-no wpr-sticky-section-no e-con e-parent\" data-id=\"39e0be33\" data-element_type=\"container\" data-e-type=\"container\" data-settings=\"{&quot;background_background&quot;:&quot;classic&quot;}\">\n\t\t\t\t<div class=\"elementor-element elementor-element-17d5070e elementor-widget elementor-widget-text-editor\" data-id=\"17d5070e\" data-element_type=\"widget\" data-e-type=\"widget\" data-widget_type=\"text-editor.default\">\n\t\t\t\t<div class=\"elementor-widget-container\">\n\t\t\t\t\t\t\t\t\t\n<p><strong>ARTICLE 1 \u2013 COORDONN\u00c9ES<\/strong><\/p>\n\n<p>Le site internet <a href=\"https:\/\/christellefelixformation.com\/\">https:\/\/christellefelixformation.com\/<\/a> (ci-apr\u00e8s le \u00ab\u00a0<strong>Site<\/strong>\u00a0\u00bb) est \u00e9dit\u00e9 par la Entreprise Individuelle Erwann LOCQUEN dont le si\u00e8ge social est situ\u00e9 3, all\u00e9e Sainte-H\u00e9l\u00e8ne &#8211; 56400 AURAY\u00a0 (ci-apr\u00e8s\u00a0 \u00ab\u00a0<strong>le Prestataire<\/strong>\u00a0\u00bb),<\/p>\n\n<p>Num\u00e9ro de TVA intracommunautaire\u00a0:<\/p>\n\n<p>Adresse e-mail :\u00a0christellefelix.accompagnement@gmail.com<\/p>\n\n<p><strong>ARTICLE 2 \u2013 SITE INTERNET<\/strong><\/p>\n\n<p>Le Prestataire est le directeur \u00e9ditorial du Site et en est \u00e9galement le directeur de publication.<\/p>\n\n<p>Le Site est h\u00e9berg\u00e9 par :<\/p>\n\n<p>OVH<\/p>\n\n<p>SAS au capital de 10.069.020 \u20ac<\/p>\n\n<p>RCS Lille M\u00e9tropole 424 761 419 00045<\/p>\n\n<p>N\u00b0 TVA FR 22 424 761 419<\/p>\n\n<p>Si\u00e8ge social : 2, rue Kellerman \u2013 59100 Roubaix \u2013 France<\/p>\n\n<p><strong>ARTICLE 3 \u2013 ACCESSIBILIT\u00c9<\/strong><\/p>\n\n<p>Le Site est par principe accessible aux utilisateurs 24\/24h et 7\/7j, sauf interruption, programm\u00e9e ou non, pour des besoins de maintenance ou en cas de force majeure.<\/p>\n\n<p>En cas d\u2019impossibilit\u00e9 d\u2019acc\u00e8s au Site, le Prestataire s\u2019engage \u00e0 faire son maximum afin d\u2019en r\u00e9tablir l\u2019acc\u00e8s. Le Prestataire ne saurait \u00eatre tenu pour responsable de tout dommage, quelle qu\u2019en soit la nature, r\u00e9sultant de son indisponibilit\u00e9.<\/p>\n\n<p><strong>ARTICLE 4 \u2013 POLITIQUE DE COOKIES<\/strong><\/p>\n\n<p>Le Prestataire a \u00e9ventuellement recours aux techniques de cookies lui permettant de traiter des statistiques et informations sur le trafic, de faciliter la navigation et d\u2019am\u00e9liorer le service pour le confort de l\u2019utilisateur.\u00a0<\/p>\n\n<p>Conform\u00e9ment \u00e0 la l\u00e9gislation europ\u00e9enne, le Prestataire a mis \u00e0 jour sa politique de confidentialit\u00e9 en mati\u00e8re de cookies. L\u2019utilisateur est libre d\u2019accepter ou de refuser tout ou partie des cookies du Site \u00e0 partir d\u2019un dispositif de collecte du consentement s\u2019affichant d\u00e8s la premi\u00e8re visite sur le Site.\u00a0<\/p>\n\n<p>S\u2019il a accept\u00e9 les cookies, l\u2019utilisateur est \u00e9galement libre de retirer ou d\u2019am\u00e9nager son consentement \u00e0 partir du centre de pr\u00e9f\u00e9rences du Site. Le consentement de l\u2019utilisateur est explicite, la non-r\u00e9ponse au dispositif de collecte du consentement vaut refus des cookies.<\/p>\n\n<p>La navigation sur le Site est susceptible de provoquer l\u2019installation de cookie(s) sur l\u2019ordinateur de l\u2019utilisateur. Un cookie est un fichier de petite taille, qui ne permet pas l\u2019identification de l\u2019utilisateur, mais qui enregistre des informations relatives \u00e0 la navigation d\u2019un ordinateur sur un site. Les donn\u00e9es ainsi obtenues visent \u00e0 faciliter la navigation ult\u00e9rieure sur le site, et ont \u00e9galement vocation \u00e0 permettre diverses mesures de fr\u00e9quentation.\u00a0<\/p>\n\n<p>Le refus d\u2019installation d\u2019un cookie peut entrainer l\u2019impossibilit\u00e9 d\u2019acc\u00e9der \u00e0 certains services. L\u2019utilisateur peut toutefois configurer son ordinateur, pour refuser l\u2019installation des cookies.<br \/>Le Prestataire est \u00e0 jour des derni\u00e8res r\u00e9glementations en mati\u00e8re de cookies.\u00a0<\/p>\n\n<p><strong>ARTICLE 5 \u2013 MODIFICATION DES MENTIONS L\u00c9GALES<\/strong><\/p>\n\n<p>Les pr\u00e9sentes mentions l\u00e9gales peuvent \u00eatre modifi\u00e9es \u00e0 tout moment. Ces modifications sont publi\u00e9es par leur mise en ligne et sont r\u00e9put\u00e9es accept\u00e9es sans r\u00e9serve lorsque l\u2019utilisateur acc\u00e8de au Site post\u00e9rieurement \u00e0 leur mise en ligne.\u00a0<\/p>\n\n<p><strong>ARTICLE 6 \u2013 LITIGES<\/strong><\/p>\n\n<p>Les pr\u00e9sentes\u00a0mentions l\u00e9gales\u00a0sont r\u00e9gies et soumises au droit fran\u00e7ais,\u00a0et notamment aux dispositions de la Loi du 21 juin 2004 pour la confiance dans l\u2019\u00e9conomie num\u00e9rique ainsi que la Loi du 6 janvier 1978 modifi\u00e9e par la Loi du 6 ao\u00fbt 2004 Informatique et Libert\u00e9s.\u00a0<\/p>\n\n<p>Tous les litiges auxquels les pr\u00e9sentes mentions l\u00e9gales pourraient donner lieu, concernant tant leur validit\u00e9, leur interpr\u00e9tation, leur ex\u00e9cution, leur r\u00e9siliation, leurs cons\u00e9quences et leurs suites seront soumis aux tribunaux comp\u00e9tents dans le ressort desquels est situ\u00e9 le lieu de r\u00e9sidence de l\u2019utilisateur.\u00a0<\/p>\n\n<p><strong>ARTICLE 7 \u2013 COLLECTE ET TRAITEMENT DES DONNEES<\/strong><\/p>\n\n<p>Conform\u00e9ment aux dispositions de la Loi n\u00b078-17 du 6 janvier 1978 modifi\u00e9e et au R\u00e8glement G\u00e9n\u00e9ral sur la Protection des Donn\u00e9es Personnelles (RGPD), l\u2019utilisateur b\u00e9n\u00e9ficie d\u2019un droit d\u2019acc\u00e8s, de rectification et de suppression de toute ou partie des donn\u00e9es personnelles le concernant. L\u2019utilisateur b\u00e9n\u00e9ficie \u00e9galement d\u2019un droit d\u2019opposition, d\u2019un droit \u00e0 la limitation et \u00e0 la portabilit\u00e9 des donn\u00e9es personnelles.<\/p>\n\n<p>L\u2019utilisateur pourra exercer ses droits sur simple demande accompagn\u00e9e d\u2019une copie d\u2019un justificatif d\u2019identit\u00e9\u00a0en cours de validit\u00e9 :<\/p>\n\n<ul class=\"wp-block-list\">\n<li>Soit par voie postale \u00e0 l\u2019adresse du si\u00e8ge social : Entreprise Inviduelle Erwann LOCQUEN dont le si\u00e8ge social est situ\u00e9 3, all\u00e9e Sainte-H\u00e9l\u00e8ne &#8211; 56400 AURAY<\/li>\n\n<li>Soit par mail \u00e0 l\u2019adresse suivante :\u00a0christellefelix.accompagnement@gmail.com<\/li>\n<\/ul>\n\n<p>L\u2019utilisateur b\u00e9n\u00e9ficie \u00e9galement du droit de formuler une r\u00e9clamation aupr\u00e8s des autorit\u00e9s, et en particulier aupr\u00e8s de la CNIL.<\/p>\n\n<p>Adresse\u00a0: \u00a0CNIL \u2013 3 Place de Fontenoy \u2013 TSA 80715 \u2013 75334 PARIS CEDEX 07<\/p>\n\n<p>Site internet\u00a0:\u00a0<a href=\"https:\/\/www.cnil.fr\/\" target=\"_blank\" rel=\"noreferrer noopener\">https:\/\/www.cnil.fr\/<\/a><\/p>\n\n<p>Des informations suppl\u00e9mentaires sur la fa\u00e7on dont les donn\u00e9es personnelles de l\u2019utilisateur sont trait\u00e9es, sont accessibles dans l\u2019onglet Politique de confidentialit\u00e9.<\/p>\n\n<p>Selon l\u2019article L.223-2 du code de la consommation, il est rappel\u00e9 que l\u2019utilisateur du Site peut user de son droit \u00e0 s\u2019inscrire sur la liste d\u2019opposition au d\u00e9marchage t\u00e9l\u00e9phonique bloctel :\u00a0<a href=\"https:\/\/www.bloctel.gouv.fr\/\" target=\"_blank\" rel=\"noreferrer noopener\">https:\/\/www.bloctel.gouv.fr\/<\/a>.<\/p>\n\n<p><strong>Mise \u00e0 jour : octobre 2023<\/strong><\/p>\n\t\t\t\t\t\t\t\t<\/div>\n\t\t\t\t<\/div>\n\t\t\t\t<\/div>\n\t\t\t\t<\/div>\n\t\t","protected":false},"excerpt":{"rendered":"<p>ARTICLE 1 \u2013 COORDONN\u00c9ES Le site internet https:\/\/christellefelixformation.com\/ (ci-apr\u00e8s le \u00ab\u00a0Site\u00a0\u00bb) est \u00e9dit\u00e9 par la Entreprise Individuelle Erwann LOCQUEN dont le si\u00e8ge social est situ\u00e9 3, all\u00e9e Sainte-H\u00e9l\u00e8ne &#8211; 56400 AURAY\u00a0 (ci-apr\u00e8s\u00a0 \u00ab\u00a0le Prestataire\u00a0\u00bb), Num\u00e9ro de TVA intracommunautaire\u00a0: Adresse e-mail :\u00a0christellefelix.accompagnement@gmail.com ARTICLE 2 \u2013 SITE INTERNET Le Prestataire est le directeur \u00e9ditorial du Site et en est \u00e9galement le directeur de publication. Le Site est h\u00e9berg\u00e9 par : OVH SAS au capital de 10.069.020 \u20ac RCS Lille M\u00e9tropole 424 761 419 00045 N\u00b0 TVA FR 22 424 761 419 Si\u00e8ge social : 2, rue Kellerman \u2013 59100 Roubaix \u2013 France ARTICLE 3 \u2013 ACCESSIBILIT\u00c9 Le Site est par principe accessible aux utilisateurs 24\/24h et 7\/7j, sauf interruption, programm\u00e9e ou non, pour des besoins de maintenance ou en cas de force majeure. En cas d\u2019impossibilit\u00e9 d\u2019acc\u00e8s au Site, le Prestataire s\u2019engage \u00e0 faire son maximum afin d\u2019en r\u00e9tablir l\u2019acc\u00e8s. Le Prestataire ne saurait \u00eatre tenu pour responsable de tout dommage, quelle qu\u2019en soit la nature, r\u00e9sultant de son indisponibilit\u00e9. ARTICLE 4 \u2013 POLITIQUE DE COOKIES Le Prestataire a \u00e9ventuellement recours aux techniques de cookies lui permettant de traiter des statistiques et informations sur le trafic, de faciliter la navigation et d\u2019am\u00e9liorer le service pour le confort de l\u2019utilisateur.\u00a0 Conform\u00e9ment \u00e0 la l\u00e9gislation europ\u00e9enne, le Prestataire a mis \u00e0 jour sa politique de confidentialit\u00e9 en mati\u00e8re de cookies. L\u2019utilisateur est libre d\u2019accepter ou de refuser tout ou partie des cookies du Site \u00e0 partir d\u2019un dispositif de collecte du consentement s\u2019affichant d\u00e8s la premi\u00e8re visite sur le Site.\u00a0 S\u2019il a accept\u00e9 les cookies, l\u2019utilisateur est \u00e9galement libre de retirer ou d\u2019am\u00e9nager son consentement \u00e0 partir du centre de pr\u00e9f\u00e9rences du Site. Le consentement de l\u2019utilisateur est explicite, la non-r\u00e9ponse au dispositif de collecte du consentement vaut refus des cookies. La navigation sur le Site est susceptible de provoquer l\u2019installation de cookie(s) sur l\u2019ordinateur de l\u2019utilisateur. Un cookie est un fichier de petite taille, qui ne permet pas l\u2019identification de l\u2019utilisateur, mais qui enregistre des informations relatives \u00e0 la navigation d\u2019un ordinateur sur un site. Les donn\u00e9es ainsi obtenues visent \u00e0 faciliter la navigation ult\u00e9rieure sur le site, et ont \u00e9galement vocation \u00e0 permettre diverses mesures de fr\u00e9quentation.\u00a0 Le refus d\u2019installation d\u2019un cookie peut entrainer l\u2019impossibilit\u00e9 d\u2019acc\u00e9der \u00e0 certains services. L\u2019utilisateur peut toutefois configurer son ordinateur, pour refuser l\u2019installation des cookies.Le Prestataire est \u00e0 jour des derni\u00e8res r\u00e9glementations en mati\u00e8re de cookies.\u00a0 ARTICLE 5 \u2013 MODIFICATION DES MENTIONS L\u00c9GALES Les pr\u00e9sentes mentions l\u00e9gales peuvent \u00eatre modifi\u00e9es \u00e0 tout moment. Ces modifications sont publi\u00e9es par leur mise en ligne et sont r\u00e9put\u00e9es accept\u00e9es sans r\u00e9serve lorsque l\u2019utilisateur acc\u00e8de au Site post\u00e9rieurement \u00e0 leur mise en ligne.\u00a0 ARTICLE 6 \u2013 LITIGES Les pr\u00e9sentes\u00a0mentions l\u00e9gales\u00a0sont r\u00e9gies et soumises au droit fran\u00e7ais,\u00a0et notamment aux dispositions de la Loi du 21 juin 2004 pour la confiance dans l\u2019\u00e9conomie num\u00e9rique ainsi que la Loi du 6 janvier 1978 modifi\u00e9e par la Loi du 6 ao\u00fbt 2004 Informatique et Libert\u00e9s.\u00a0 Tous les litiges auxquels les pr\u00e9sentes mentions l\u00e9gales pourraient donner lieu, concernant tant leur validit\u00e9, leur interpr\u00e9tation, leur ex\u00e9cution, leur r\u00e9siliation, leurs cons\u00e9quences et leurs suites seront soumis aux tribunaux comp\u00e9tents dans le ressort desquels est situ\u00e9 le lieu de r\u00e9sidence de l\u2019utilisateur.\u00a0 ARTICLE 7 \u2013 COLLECTE ET TRAITEMENT DES DONNEES Conform\u00e9ment aux dispositions de la Loi n\u00b078-17 du 6 janvier 1978 modifi\u00e9e et au R\u00e8glement G\u00e9n\u00e9ral sur la Protection des Donn\u00e9es Personnelles (RGPD), l\u2019utilisateur b\u00e9n\u00e9ficie d\u2019un droit d\u2019acc\u00e8s, de rectification et de suppression de toute ou partie des donn\u00e9es personnelles le concernant. L\u2019utilisateur b\u00e9n\u00e9ficie \u00e9galement d\u2019un droit d\u2019opposition, d\u2019un droit \u00e0 la limitation et \u00e0 la portabilit\u00e9 des donn\u00e9es personnelles. L\u2019utilisateur pourra exercer ses droits sur simple demande accompagn\u00e9e d\u2019une copie d\u2019un justificatif d\u2019identit\u00e9\u00a0en cours de validit\u00e9 : L\u2019utilisateur b\u00e9n\u00e9ficie \u00e9galement du droit de formuler une r\u00e9clamation aupr\u00e8s des autorit\u00e9s, et en particulier aupr\u00e8s de la CNIL. Adresse\u00a0: \u00a0CNIL \u2013 3 Place de Fontenoy \u2013 TSA 80715 \u2013 75334 PARIS CEDEX 07 Site internet\u00a0:\u00a0https:\/\/www.cnil.fr\/ Des informations suppl\u00e9mentaires sur la fa\u00e7on dont les donn\u00e9es personnelles de l\u2019utilisateur sont trait\u00e9es, sont accessibles dans l\u2019onglet Politique de confidentialit\u00e9. Selon l\u2019article L.223-2 du code de la consommation, il est rappel\u00e9 que l\u2019utilisateur du Site peut user de son droit \u00e0 s\u2019inscrire sur la liste d\u2019opposition au d\u00e9marchage t\u00e9l\u00e9phonique bloctel :\u00a0https:\/\/www.bloctel.gouv.fr\/. Mise \u00e0 jour : octobre 2023<\/p>\n","protected":false},"author":1,"featured_media":0,"parent":0,"menu_order":0,"comment_status":"closed","ping_status":"closed","template":"elementor_header_footer","meta":{"_eb_attr":"","ocean_post_layout":"","ocean_both_sidebars_style":"","ocean_both_sidebars_content_width":0,"ocean_both_sidebars_sidebars_width":0,"ocean_sidebar":"","ocean_second_sidebar":"","ocean_disable_margins":"enable","ocean_add_body_class":"","ocean_shortcode_before_top_bar":"","ocean_shortcode_after_top_bar":"","ocean_shortcode_before_header":"","ocean_shortcode_after_header":"","ocean_has_shortcode":"","ocean_shortcode_after_title":"","ocean_shortcode_before_footer_widgets":"","ocean_shortcode_after_footer_widgets":"","ocean_shortcode_before_footer_bottom":"","ocean_shortcode_after_footer_bottom":"","ocean_display_top_bar":"default","ocean_display_header":"default","ocean_header_style":"","ocean_center_header_left_menu":"","ocean_custom_header_template":"","ocean_custom_logo":0,"ocean_custom_retina_logo":0,"ocean_custom_logo_max_width":0,"ocean_custom_logo_tablet_max_width":0,"ocean_custom_logo_mobile_max_width":0,"ocean_custom_logo_max_height":0,"ocean_custom_logo_tablet_max_height":0,"ocean_custom_logo_mobile_max_height":0,"ocean_header_custom_menu":"","ocean_menu_typo_font_family":"","ocean_menu_typo_font_subset":"","ocean_menu_typo_font_size":0,"ocean_menu_typo_font_size_tablet":0,"ocean_menu_typo_font_size_mobile":0,"ocean_menu_typo_font_size_unit":"px","ocean_menu_typo_font_weight":"","ocean_menu_typo_font_weight_tablet":"","ocean_menu_typo_font_weight_mobile":"","ocean_menu_typo_transform":"","ocean_menu_typo_transform_tablet":"","ocean_menu_typo_transform_mobile":"","ocean_menu_typo_line_height":0,"ocean_menu_typo_line_height_tablet":0,"ocean_menu_typo_line_height_mobile":0,"ocean_menu_typo_line_height_unit":"","ocean_menu_typo_spacing":0,"ocean_menu_typo_spacing_tablet":0,"ocean_menu_typo_spacing_mobile":0,"ocean_menu_typo_spacing_unit":"","ocean_menu_link_color":"","ocean_menu_link_color_hover":"","ocean_menu_link_color_active":"","ocean_menu_link_background":"","ocean_menu_link_hover_background":"","ocean_menu_link_active_background":"","ocean_menu_social_links_bg":"","ocean_menu_social_hover_links_bg":"","ocean_menu_social_links_color":"","ocean_menu_social_hover_links_color":"","ocean_disable_title":"enable","ocean_disable_heading":"enable","ocean_post_title":"","ocean_post_subheading":"","ocean_post_title_style":"centered","ocean_post_title_background_color":"","ocean_post_title_background":0,"ocean_post_title_bg_image_position":"","ocean_post_title_bg_image_attachment":"","ocean_post_title_bg_image_repeat":"","ocean_post_title_bg_image_size":"","ocean_post_title_height":0,"ocean_post_title_bg_overlay":0.5,"ocean_post_title_bg_overlay_color":"","ocean_disable_breadcrumbs":"default","ocean_breadcrumbs_color":"","ocean_breadcrumbs_separator_color":"","ocean_breadcrumbs_links_color":"","ocean_breadcrumbs_links_hover_color":"","ocean_display_footer_widgets":"default","ocean_display_footer_bottom":"default","ocean_custom_footer_template":"","footnotes":""},"class_list":["post-115","page","type-page","status-publish","hentry","entry","owp-thumbs-layout-horizontal","owp-btn-big","owp-tabs-layout-horizontal","has-no-thumbnails"],"jetpack_sharing_enabled":true,"_links":{"self":[{"href":"https:\/\/christellefelixformation.com\/index.php\/wp-json\/wp\/v2\/pages\/115","targetHints":{"allow":["GET"]}}],"collection":[{"href":"https:\/\/christellefelixformation.com\/index.php\/wp-json\/wp\/v2\/pages"}],"about":[{"href":"https:\/\/christellefelixformation.com\/index.php\/wp-json\/wp\/v2\/types\/page"}],"author":[{"embeddable":true,"href":"https:\/\/christellefelixformation.com\/index.php\/wp-json\/wp\/v2\/users\/1"}],"replies":[{"embeddable":true,"href":"https:\/\/christellefelixformation.com\/index.php\/wp-json\/wp\/v2\/comments?post=115"}],"version-history":[{"count":6,"href":"https:\/\/christellefelixformation.com\/index.php\/wp-json\/wp\/v2\/pages\/115\/revisions"}],"predecessor-version":[{"id":2933,"href":"https:\/\/christellefelixformation.com\/index.php\/wp-json\/wp\/v2\/pages\/115\/revisions\/2933"}],"wp:attachment":[{"href":"https:\/\/christellefelixformation.com\/index.php\/wp-json\/wp\/v2\/media?parent=115"}],"curies":[{"name":"wp","href":"https:\/\/api.w.org\/{rel}","templated":true}]}}