{"id":2567,"date":"2023-11-29T11:31:10","date_gmt":"2023-11-29T10:31:10","guid":{"rendered":"https:\/\/christellefelixformation.com\/?page_id=2567"},"modified":"2023-11-29T11:52:32","modified_gmt":"2023-11-29T10:52:32","slug":"interview-jugeote-copy","status":"publish","type":"page","link":"https:\/\/christellefelixformation.com\/index.php\/interview-jugeote-copy\/","title":{"rendered":"Podcast \u00ab\u00a0Chroniques Immo\u00a0\u00bb &#8211; Christelle F\u00e9lix"},"content":{"rendered":"\t\t<div data-elementor-type=\"wp-page\" data-elementor-id=\"2567\" class=\"elementor elementor-2567\">\n\t\t\t\t<div class=\"elementor-element elementor-element-8f50478 e-con-full e-flex wpr-particle-no wpr-jarallax-no wpr-parallax-no wpr-sticky-section-no e-con e-parent\" data-id=\"8f50478\" data-element_type=\"container\" data-e-type=\"container\">\n\t\t\t\t<div class=\"elementor-element elementor-element-198dbe5 elementor-widget__width-initial elementor-widget elementor-widget-image\" data-id=\"198dbe5\" data-element_type=\"widget\" data-e-type=\"widget\" data-widget_type=\"image.default\">\n\t\t\t\t<div class=\"elementor-widget-container\">\n\t\t\t\t\t\t\t\t\t\t\t\t\t\t\t<img fetchpriority=\"high\" decoding=\"async\" width=\"454\" height=\"438\" src=\"https:\/\/christellefelixformation.com\/wp-content\/uploads\/2023\/11\/Capture-decran-2023-11-29-a-11.05.57.png\" class=\"attachment-large size-large wp-image-2568\" alt=\"Christelle F\u00e9lix interview\u00e9e en podcast par Mathieu de Chroniques Immo\" srcset=\"https:\/\/christellefelixformation.com\/wp-content\/uploads\/2023\/11\/Capture-decran-2023-11-29-a-11.05.57.png 454w, https:\/\/christellefelixformation.com\/wp-content\/uploads\/2023\/11\/Capture-decran-2023-11-29-a-11.05.57-300x289.png 300w\" sizes=\"(max-width: 454px) 100vw, 454px\" \/>\t\t\t\t\t\t\t\t\t\t\t\t\t\t\t<\/div>\n\t\t\t\t<\/div>\n\t\t<div class=\"elementor-element elementor-element-e07fa8e e-con-full e-flex wpr-particle-no wpr-jarallax-no wpr-parallax-no wpr-sticky-section-no e-con e-child\" data-id=\"e07fa8e\" data-element_type=\"container\" data-e-type=\"container\">\n\t\t\t\t<div class=\"elementor-element elementor-element-fbe1d1d elementor-widget__width-initial elementor-widget elementor-widget-text-editor\" data-id=\"fbe1d1d\" data-element_type=\"widget\" data-e-type=\"widget\" data-widget_type=\"text-editor.default\">\n\t\t\t\t<div class=\"elementor-widget-container\">\n\t\t\t\t\t\t\t\t\t<h1 class=\"websitePodcastHeaderTitle\">S02 &#8211; \u00c9pisode 79 &#8211; D&rsquo;institutrice malheureuse \u00e0 renti\u00e8re solaire, le chemin de la libert\u00e9<\/h1>\t\t\t\t\t\t\t\t<\/div>\n\t\t\t\t<\/div>\n\t\t\t\t<div class=\"elementor-element elementor-element-fa1aa99 elementor-widget__width-initial elementor-widget elementor-widget-text-editor\" data-id=\"fa1aa99\" data-element_type=\"widget\" data-e-type=\"widget\" data-widget_type=\"text-editor.default\">\n\t\t\t\t<div class=\"elementor-widget-container\">\n\t\t\t\t\t\t\t\t\t<div class=\"websitePodcastHeaderDurationDate\">1 h 16 min <span class=\"websitePodcastEntryContentTextDateDurationSeparator\">\/<\/span> Publi\u00e9 20<time title=\"03\/10\/2023 07:01 \" datetime=\"2023-10-03T05:01:00Z\" data-short=\"3 Oct\">\u00a0Novembre 2023 p<\/time><span class=\"by\">ar <a href=\"https:\/\/shows.acast.com\/chroniques-immo\">Chroniques Immo<\/a><\/span><\/div>\t\t\t\t\t\t\t\t<\/div>\n\t\t\t\t<\/div>\n\t\t\t\t<\/div>\n\t\t\t\t<\/div>\n\t\t<div class=\"elementor-element elementor-element-bccae56 e-con-full e-flex wpr-particle-no wpr-jarallax-no wpr-parallax-no wpr-sticky-section-no e-con e-parent\" data-id=\"bccae56\" data-element_type=\"container\" data-e-type=\"container\">\n\t\t\t\t<div class=\"elementor-element elementor-element-e70bd00 elementor-align-center elementor-widget elementor-widget-button\" data-id=\"e70bd00\" data-element_type=\"widget\" data-e-type=\"widget\" data-widget_type=\"button.default\">\n\t\t\t\t<div class=\"elementor-widget-container\">\n\t\t\t\t\t\t\t\t\t<div class=\"elementor-button-wrapper\">\n\t\t\t\t\t<a class=\"elementor-button elementor-button-link elementor-size-sm\" href=\"https:\/\/shows.acast.com\/chroniques-immo\/episodes\/dinstitutrice-malheureuse-a-rentiere-solaire-le-chemin-de-la\">\n\t\t\t\t\t\t<span class=\"elementor-button-content-wrapper\">\n\t\t\t\t\t\t\t\t\t<span class=\"elementor-button-text\">J'\u00e9coute sur Acast<\/span>\n\t\t\t\t\t<\/span>\n\t\t\t\t\t<\/a>\n\t\t\t\t<\/div>\n\t\t\t\t\t\t\t\t<\/div>\n\t\t\t\t<\/div>\n\t\t\t\t<div class=\"elementor-element elementor-element-5103121 elementor-align-center elementor-widget elementor-widget-button\" data-id=\"5103121\" data-element_type=\"widget\" data-e-type=\"widget\" data-widget_type=\"button.default\">\n\t\t\t\t<div class=\"elementor-widget-container\">\n\t\t\t\t\t\t\t\t\t<div class=\"elementor-button-wrapper\">\n\t\t\t\t\t<a class=\"elementor-button elementor-button-link elementor-size-sm\" href=\"https:\/\/open.spotify.com\/episode\/1QDw2BuYn1ZkVdA8Em8sL2\">\n\t\t\t\t\t\t<span class=\"elementor-button-content-wrapper\">\n\t\t\t\t\t\t\t\t\t<span class=\"elementor-button-text\">J'\u00e9coute sur Spotify<\/span>\n\t\t\t\t\t<\/span>\n\t\t\t\t\t<\/a>\n\t\t\t\t<\/div>\n\t\t\t\t\t\t\t\t<\/div>\n\t\t\t\t<\/div>\n\t\t\t\t<div class=\"elementor-element elementor-element-76188c0 elementor-align-center elementor-widget elementor-widget-button\" data-id=\"76188c0\" data-element_type=\"widget\" data-e-type=\"widget\" data-widget_type=\"button.default\">\n\t\t\t\t<div class=\"elementor-widget-container\">\n\t\t\t\t\t\t\t\t\t<div class=\"elementor-button-wrapper\">\n\t\t\t\t\t<a class=\"elementor-button elementor-button-link elementor-size-sm\" href=\"https:\/\/www.google.fr\/url?sa=t&#038;rct=j&#038;q=&#038;esrc=s&#038;source=web&#038;cd=&#038;ved=2ahUKEwiI_Yq0gemCAxWQUKQEHY5EBUUQFnoECBIQAQ&#038;url=https%3A%2F%2Fpodcasts.apple.com%2Ffr%2Fpodcast%2Fchroniques-immo%2Fid1625319430&#038;usg=AOvVaw3Z81-kRVgC19M76605eF8Q&#038;opi=89978449\">\n\t\t\t\t\t\t<span class=\"elementor-button-content-wrapper\">\n\t\t\t\t\t\t\t\t\t<span class=\"elementor-button-text\">J'\u00e9coute sur Apple Podcast<\/span>\n\t\t\t\t\t<\/span>\n\t\t\t\t\t<\/a>\n\t\t\t\t<\/div>\n\t\t\t\t\t\t\t\t<\/div>\n\t\t\t\t<\/div>\n\t\t\t\t<\/div>\n\t\t<div class=\"elementor-element elementor-element-e3907b0 e-flex e-con-boxed wpr-particle-no wpr-jarallax-no wpr-parallax-no wpr-sticky-section-no e-con e-parent\" data-id=\"e3907b0\" data-element_type=\"container\" data-e-type=\"container\">\n\t\t\t\t\t<div class=\"e-con-inner\">\n\t\t\t\t<div class=\"elementor-element elementor-element-632d146 elementor-widget__width-initial elementor-widget elementor-widget-text-editor\" data-id=\"632d146\" data-element_type=\"widget\" data-e-type=\"widget\" data-widget_type=\"text-editor.default\">\n\t\t\t\t<div class=\"elementor-widget-container\">\n\t\t\t\t\t\t\t\t\t<p>Comment transformer une maison en un immeuble de rapport ?\u00a0<\/p><p>C&rsquo;est possible en r\u00e9alisant une division officielle de maison en plusieurs appartements. Dans cet \u00e9pisode, <a href=\"https:\/\/www.instagram.com\/christellefelix.accompagnement\/\">Christelle F\u00e9lix<\/a>, qui a r\u00e9alis\u00e9 plusieurs projets de division officielle de maison, explique :\u00a0<\/p><p><span class=\"ipsEmoji\">\ud83d\udc49<\/span> En quoi consiste la division officielle de maison\u00a0<\/p><p><span class=\"ipsEmoji\">\ud83d\udc49<\/span> Quels sont les b\u00e9n\u00e9fices\u00a0<\/p><p><span class=\"ipsEmoji\">\ud83d\udc49<\/span> Quelles sont les \u00e9tapes\u00a0<\/p><p><span class=\"ipsEmoji\">\ud83d\udc49<\/span> Quels sont les les points de vigilance\u00a0<\/p><p><span class=\"ipsEmoji\">\ud83d\udc49<\/span> Quelles sont les caract\u00e9ristiques des maisons qui se pr\u00eatent \u00e0 la division officielle de maison\u00a0\u00a0<\/p><p><span class=\"ipsEmoji\">\ud83d\udc49<\/span> Quelles sont les erreurs \u00e0 \u00e9viter\u00a0<\/p><p><span class=\"ipsEmoji\">\ud83d\udc49<\/span> Quelle est le d\u00e9lai de r\u00e9alisation d&rsquo;un projet de division officielle de maison\u00a0<\/p>\t\t\t\t\t\t\t\t<\/div>\n\t\t\t\t<\/div>\n\t\t\t\t\t<\/div>\n\t\t\t\t<\/div>\n\t\t\t\t<\/div>\n\t\t","protected":false},"excerpt":{"rendered":"<p>S02 &#8211; \u00c9pisode 79 &#8211; D&rsquo;institutrice malheureuse \u00e0 renti\u00e8re solaire, le chemin de la libert\u00e9 1 h 16 min \/ Publi\u00e9 20\u00a0Novembre 2023 par Chroniques Immo J&rsquo;\u00e9coute sur Acast J&rsquo;\u00e9coute sur Spotify J&rsquo;\u00e9coute sur Apple Podcast Comment transformer une maison en un immeuble de rapport ?\u00a0 C&rsquo;est possible en r\u00e9alisant une division officielle de maison en plusieurs appartements. Dans cet \u00e9pisode, Christelle F\u00e9lix, qui a r\u00e9alis\u00e9 plusieurs projets de division officielle de maison, explique :\u00a0 \ud83d\udc49 En quoi consiste la division officielle de maison\u00a0 \ud83d\udc49 Quels sont les b\u00e9n\u00e9fices\u00a0 \ud83d\udc49 Quelles sont les \u00e9tapes\u00a0 \ud83d\udc49 Quels sont les les points de vigilance\u00a0 \ud83d\udc49 Quelles sont les caract\u00e9ristiques des maisons qui se pr\u00eatent \u00e0 la division officielle de maison\u00a0\u00a0 \ud83d\udc49 Quelles sont les erreurs \u00e0 \u00e9viter\u00a0 \ud83d\udc49 Quelle est le d\u00e9lai de r\u00e9alisation d&rsquo;un projet de division officielle de maison\u00a0<\/p>\n","protected":false},"author":1,"featured_media":0,"parent":0,"menu_order":0,"comment_status":"closed","ping_status":"closed","template":"","meta":{"_eb_attr":"","ocean_post_layout":"","ocean_both_sidebars_style":"","ocean_both_sidebars_content_width":0,"ocean_both_sidebars_sidebars_width":0,"ocean_sidebar":"","ocean_second_sidebar":"","ocean_disable_margins":"enable","ocean_add_body_class":"","ocean_shortcode_before_top_bar":"","ocean_shortcode_after_top_bar":"","ocean_shortcode_before_header":"","ocean_shortcode_after_header":"","ocean_has_shortcode":"","ocean_shortcode_after_title":"","ocean_shortcode_before_footer_widgets":"","ocean_shortcode_after_footer_widgets":"","ocean_shortcode_before_footer_bottom":"","ocean_shortcode_after_footer_bottom":"","ocean_display_top_bar":"default","ocean_display_header":"default","ocean_header_style":"","ocean_center_header_left_menu":"","ocean_custom_header_template":"","ocean_custom_logo":0,"ocean_custom_retina_logo":0,"ocean_custom_logo_max_width":0,"ocean_custom_logo_tablet_max_width":0,"ocean_custom_logo_mobile_max_width":0,"ocean_custom_logo_max_height":0,"ocean_custom_logo_tablet_max_height":0,"ocean_custom_logo_mobile_max_height":0,"ocean_header_custom_menu":"","ocean_menu_typo_font_family":"","ocean_menu_typo_font_subset":"","ocean_menu_typo_font_size":0,"ocean_menu_typo_font_size_tablet":0,"ocean_menu_typo_font_size_mobile":0,"ocean_menu_typo_font_size_unit":"px","ocean_menu_typo_font_weight":"","ocean_menu_typo_font_weight_tablet":"","ocean_menu_typo_font_weight_mobile":"","ocean_menu_typo_transform":"","ocean_menu_typo_transform_tablet":"","ocean_menu_typo_transform_mobile":"","ocean_menu_typo_line_height":0,"ocean_menu_typo_line_height_tablet":0,"ocean_menu_typo_line_height_mobile":0,"ocean_menu_typo_line_height_unit":"","ocean_menu_typo_spacing":0,"ocean_menu_typo_spacing_tablet":0,"ocean_menu_typo_spacing_mobile":0,"ocean_menu_typo_spacing_unit":"","ocean_menu_link_color":"","ocean_menu_link_color_hover":"","ocean_menu_link_color_active":"","ocean_menu_link_background":"","ocean_menu_link_hover_background":"","ocean_menu_link_active_background":"","ocean_menu_social_links_bg":"","ocean_menu_social_hover_links_bg":"","ocean_menu_social_links_color":"","ocean_menu_social_hover_links_color":"","ocean_disable_title":"default","ocean_disable_heading":"default","ocean_post_title":"","ocean_post_subheading":"","ocean_post_title_style":"","ocean_post_title_background_color":"","ocean_post_title_background":0,"ocean_post_title_bg_image_position":"","ocean_post_title_bg_image_attachment":"","ocean_post_title_bg_image_repeat":"","ocean_post_title_bg_image_size":"","ocean_post_title_height":0,"ocean_post_title_bg_overlay":0.5,"ocean_post_title_bg_overlay_color":"","ocean_disable_breadcrumbs":"default","ocean_breadcrumbs_color":"","ocean_breadcrumbs_separator_color":"","ocean_breadcrumbs_links_color":"","ocean_breadcrumbs_links_hover_color":"","ocean_display_footer_widgets":"default","ocean_display_footer_bottom":"default","ocean_custom_footer_template":"","footnotes":""},"class_list":["post-2567","page","type-page","status-publish","hentry","entry","owp-thumbs-layout-horizontal","owp-btn-big","owp-tabs-layout-horizontal","has-no-thumbnails"],"jetpack_sharing_enabled":true,"_links":{"self":[{"href":"https:\/\/christellefelixformation.com\/index.php\/wp-json\/wp\/v2\/pages\/2567","targetHints":{"allow":["GET"]}}],"collection":[{"href":"https:\/\/christellefelixformation.com\/index.php\/wp-json\/wp\/v2\/pages"}],"about":[{"href":"https:\/\/christellefelixformation.com\/index.php\/wp-json\/wp\/v2\/types\/page"}],"author":[{"embeddable":true,"href":"https:\/\/christellefelixformation.com\/index.php\/wp-json\/wp\/v2\/users\/1"}],"replies":[{"embeddable":true,"href":"https:\/\/christellefelixformation.com\/index.php\/wp-json\/wp\/v2\/comments?post=2567"}],"version-history":[{"count":21,"href":"https:\/\/christellefelixformation.com\/index.php\/wp-json\/wp\/v2\/pages\/2567\/revisions"}],"predecessor-version":[{"id":2592,"href":"https:\/\/christellefelixformation.com\/index.php\/wp-json\/wp\/v2\/pages\/2567\/revisions\/2592"}],"wp:attachment":[{"href":"https:\/\/christellefelixformation.com\/index.php\/wp-json\/wp\/v2\/media?parent=2567"}],"curies":[{"name":"wp","href":"https:\/\/api.w.org\/{rel}","templated":true}]}}