{"id":3865,"date":"2024-05-18T16:44:00","date_gmt":"2024-05-18T14:44:00","guid":{"rendered":"https:\/\/christellefelixformation.com\/?page_id=3865"},"modified":"2024-05-18T16:53:56","modified_gmt":"2024-05-18T14:53:56","slug":"interview-celia","status":"publish","type":"page","link":"https:\/\/christellefelixformation.com\/index.php\/interview-celia\/","title":{"rendered":"Interview Celia"},"content":{"rendered":"\t\t<div data-elementor-type=\"wp-page\" data-elementor-id=\"3865\" class=\"elementor elementor-3865\">\n\t\t\t\t<div class=\"elementor-element elementor-element-8f50478 e-con-full e-flex wpr-particle-no wpr-jarallax-no wpr-parallax-no wpr-sticky-section-no e-con e-parent\" data-id=\"8f50478\" data-element_type=\"container\" data-e-type=\"container\">\n\t\t\t\t<div class=\"elementor-element elementor-element-198dbe5 elementor-widget__width-initial elementor-widget elementor-widget-image\" data-id=\"198dbe5\" data-element_type=\"widget\" data-e-type=\"widget\" data-widget_type=\"image.default\">\n\t\t\t\t<div class=\"elementor-widget-container\">\n\t\t\t\t\t\t\t\t\t\t\t\t\t\t\t<img decoding=\"async\" width=\"160\" height=\"160\" src=\"https:\/\/christellefelixformation.com\/wp-content\/uploads\/2024\/05\/channels4_profile.jpg\" class=\"attachment-2048x2048 size-2048x2048 wp-image-3884\" alt=\"\" srcset=\"https:\/\/christellefelixformation.com\/wp-content\/uploads\/2024\/05\/channels4_profile.jpg 160w, https:\/\/christellefelixformation.com\/wp-content\/uploads\/2024\/05\/channels4_profile-150x150.jpg 150w, https:\/\/christellefelixformation.com\/wp-content\/uploads\/2024\/05\/channels4_profile-100x100.jpg 100w\" sizes=\"(max-width: 160px) 100vw, 160px\" \/>\t\t\t\t\t\t\t\t\t\t\t\t\t\t\t<\/div>\n\t\t\t\t<\/div>\n\t\t<div class=\"elementor-element elementor-element-e07fa8e e-con-full e-flex wpr-particle-no wpr-jarallax-no wpr-parallax-no wpr-sticky-section-no e-con e-child\" data-id=\"e07fa8e\" data-element_type=\"container\" data-e-type=\"container\">\n\t\t\t\t<div class=\"elementor-element elementor-element-fbe1d1d elementor-widget__width-initial elementor-widget elementor-widget-text-editor\" data-id=\"fbe1d1d\" data-element_type=\"widget\" data-e-type=\"widget\" data-widget_type=\"text-editor.default\">\n\t\t\t\t<div class=\"elementor-widget-container\">\n\t\t\t\t\t\t\t\t\t<h1 class=\"websitePodcastHeaderTitle\">Comment investir dans des immeubles de rapport en divisant une maison &#8211; Christelle F\u00e9lix<\/h1>\t\t\t\t\t\t\t\t<\/div>\n\t\t\t\t<\/div>\n\t\t<div class=\"elementor-element elementor-element-137e261 e-con-full e-flex wpr-particle-no wpr-jarallax-no wpr-parallax-no wpr-sticky-section-no e-con e-child\" data-id=\"137e261\" data-element_type=\"container\" data-e-type=\"container\">\n\t\t\t\t<div class=\"elementor-element elementor-element-6353ee8 elementor-widget elementor-widget-text-editor\" data-id=\"6353ee8\" data-element_type=\"widget\" data-e-type=\"widget\" data-widget_type=\"text-editor.default\">\n\t\t\t\t<div class=\"elementor-widget-container\">\n\t\t\t\t\t\t\t\t\t<div class=\"websitePodcastHeaderDurationDate\">1h21 \/ Publi\u00e9e en D\u00e9cembre 2021<time title=\"03\/10\/2023 07:01 \" datetime=\"2023-10-03T05:01:00Z\" data-short=\"3 Oct\">\u00a0p<\/time><span class=\"by\">ar<\/span> <a id=\"ips_uid_1170_2\" class=\"ipsType_break\" title=\"Voir le profil de Jugeote\" href=\"https:\/\/www.instagram.com\/celia_petrissans?igsh=NXptMHFvMmd0emUy\" rel=\"nofollow\" data-ipshover=\"\" data-ipshover-width=\"370\" data-ipshover-target=\"https:\/\/www.podcastics.com\/profile\/20601-jugeote\/?do=hovercard&amp;referrer=https%253A%252F%252Fwww.podcastics.com%252Fpodcast%252Fepisode%252F14-faire-croitre-son-parc-immobilier-avec-la-division-officielle-de-maison-christelle-felix-253114%252F\">C\u00e9lia P\u00e9trissans<\/a><\/div>\t\t\t\t\t\t\t\t<\/div>\n\t\t\t\t<\/div>\n\t\t\t\t<\/div>\n\t\t\t\t<\/div>\n\t\t\t\t<\/div>\n\t\t<div class=\"elementor-element elementor-element-bccae56 e-con-full e-flex wpr-particle-no wpr-jarallax-no wpr-parallax-no wpr-sticky-section-no e-con e-parent\" data-id=\"bccae56\" data-element_type=\"container\" data-e-type=\"container\">\n\t\t\t\t<div class=\"elementor-element elementor-element-e70bd00 elementor-align-left elementor-widget elementor-widget-button\" data-id=\"e70bd00\" data-element_type=\"widget\" data-e-type=\"widget\" data-widget_type=\"button.default\">\n\t\t\t\t<div class=\"elementor-widget-container\">\n\t\t\t\t\t\t\t\t\t<div class=\"elementor-button-wrapper\">\n\t\t\t\t\t<a class=\"elementor-button elementor-button-link elementor-size-sm\" href=\"https:\/\/www.youtube.com\/watch?v=b9vUgweJ_a4&#038;t=10s\">\n\t\t\t\t\t\t<span class=\"elementor-button-content-wrapper\">\n\t\t\t\t\t\t\t\t\t<span class=\"elementor-button-text\">J'\u00e9coute<\/span>\n\t\t\t\t\t<\/span>\n\t\t\t\t\t<\/a>\n\t\t\t\t<\/div>\n\t\t\t\t\t\t\t\t<\/div>\n\t\t\t\t<\/div>\n\t\t\t\t<\/div>\n\t\t<div class=\"elementor-element elementor-element-e3907b0 e-flex e-con-boxed wpr-particle-no wpr-jarallax-no wpr-parallax-no wpr-sticky-section-no e-con e-parent\" data-id=\"e3907b0\" data-element_type=\"container\" data-e-type=\"container\">\n\t\t\t\t\t<div class=\"e-con-inner\">\n\t\t\t\t<div class=\"elementor-element elementor-element-632d146 elementor-widget elementor-widget-text-editor\" data-id=\"632d146\" data-element_type=\"widget\" data-e-type=\"widget\" data-widget_type=\"text-editor.default\">\n\t\t\t\t<div class=\"elementor-widget-container\">\n\t\t\t\t\t\t\t\t\t<p>Comment investir dans des immeubles de rapport en divisant une maison<\/p><p>Dans ce live <a href=\"https:\/\/www.instagram.com\/christellefelix.accompagnement?igsh=MWJobm41OWVzbWpidA==\">christellefelix.accompagnement<\/a> nous partage son retour d&rsquo;exp\u00e9rience sur la division de maison pour se cr\u00e9er soi m\u00eame son immeuble de rapport. Quelles sont les \u00e9tapes pour r\u00e9aliser ce type de projet, les points d&rsquo;attention, les contraintes administratives. Un grand merci \u00e0 <a href=\"https:\/\/www.instagram.com\/christellefelix.accompagnement?igsh=MWJobm41OWVzbWpidA==\">christellefelix.accompagnement<\/a> pour tous ses conseils<\/p>\t\t\t\t\t\t\t\t<\/div>\n\t\t\t\t<\/div>\n\t\t\t\t\t<\/div>\n\t\t\t\t<\/div>\n\t\t\t\t<\/div>\n\t\t","protected":false},"excerpt":{"rendered":"<p>Comment investir dans des immeubles de rapport en divisant une maison &#8211; Christelle F\u00e9lix 1h21 \/ Publi\u00e9e en D\u00e9cembre 2021\u00a0par C\u00e9lia P\u00e9trissans J&rsquo;\u00e9coute Comment investir dans des immeubles de rapport en divisant une maison Dans ce live christellefelix.accompagnement nous partage son retour d&rsquo;exp\u00e9rience sur la division de maison pour se cr\u00e9er soi m\u00eame son immeuble de rapport. Quelles sont les \u00e9tapes pour r\u00e9aliser ce type de projet, les points d&rsquo;attention, les contraintes administratives. Un grand merci \u00e0 christellefelix.accompagnement pour tous ses conseils<\/p>\n","protected":false},"author":1,"featured_media":0,"parent":0,"menu_order":0,"comment_status":"closed","ping_status":"closed","template":"","meta":{"_eb_attr":"","ocean_post_layout":"","ocean_both_sidebars_style":"","ocean_both_sidebars_content_width":0,"ocean_both_sidebars_sidebars_width":0,"ocean_sidebar":"","ocean_second_sidebar":"","ocean_disable_margins":"enable","ocean_add_body_class":"","ocean_shortcode_before_top_bar":"","ocean_shortcode_after_top_bar":"","ocean_shortcode_before_header":"","ocean_shortcode_after_header":"","ocean_has_shortcode":"","ocean_shortcode_after_title":"","ocean_shortcode_before_footer_widgets":"","ocean_shortcode_after_footer_widgets":"","ocean_shortcode_before_footer_bottom":"","ocean_shortcode_after_footer_bottom":"","ocean_display_top_bar":"default","ocean_display_header":"default","ocean_header_style":"","ocean_center_header_left_menu":"","ocean_custom_header_template":"","ocean_custom_logo":0,"ocean_custom_retina_logo":0,"ocean_custom_logo_max_width":0,"ocean_custom_logo_tablet_max_width":0,"ocean_custom_logo_mobile_max_width":0,"ocean_custom_logo_max_height":0,"ocean_custom_logo_tablet_max_height":0,"ocean_custom_logo_mobile_max_height":0,"ocean_header_custom_menu":"","ocean_menu_typo_font_family":"","ocean_menu_typo_font_subset":"","ocean_menu_typo_font_size":0,"ocean_menu_typo_font_size_tablet":0,"ocean_menu_typo_font_size_mobile":0,"ocean_menu_typo_font_size_unit":"px","ocean_menu_typo_font_weight":"","ocean_menu_typo_font_weight_tablet":"","ocean_menu_typo_font_weight_mobile":"","ocean_menu_typo_transform":"","ocean_menu_typo_transform_tablet":"","ocean_menu_typo_transform_mobile":"","ocean_menu_typo_line_height":0,"ocean_menu_typo_line_height_tablet":0,"ocean_menu_typo_line_height_mobile":0,"ocean_menu_typo_line_height_unit":"","ocean_menu_typo_spacing":0,"ocean_menu_typo_spacing_tablet":0,"ocean_menu_typo_spacing_mobile":0,"ocean_menu_typo_spacing_unit":"","ocean_menu_link_color":"","ocean_menu_link_color_hover":"","ocean_menu_link_color_active":"","ocean_menu_link_background":"","ocean_menu_link_hover_background":"","ocean_menu_link_active_background":"","ocean_menu_social_links_bg":"","ocean_menu_social_hover_links_bg":"","ocean_menu_social_links_color":"","ocean_menu_social_hover_links_color":"","ocean_disable_title":"default","ocean_disable_heading":"default","ocean_post_title":"","ocean_post_subheading":"","ocean_post_title_style":"","ocean_post_title_background_color":"","ocean_post_title_background":0,"ocean_post_title_bg_image_position":"","ocean_post_title_bg_image_attachment":"","ocean_post_title_bg_image_repeat":"","ocean_post_title_bg_image_size":"","ocean_post_title_height":0,"ocean_post_title_bg_overlay":0.5,"ocean_post_title_bg_overlay_color":"","ocean_disable_breadcrumbs":"default","ocean_breadcrumbs_color":"","ocean_breadcrumbs_separator_color":"","ocean_breadcrumbs_links_color":"","ocean_breadcrumbs_links_hover_color":"","ocean_display_footer_widgets":"default","ocean_display_footer_bottom":"default","ocean_custom_footer_template":"","footnotes":""},"class_list":["post-3865","page","type-page","status-publish","hentry","entry","owp-thumbs-layout-horizontal","owp-btn-big","owp-tabs-layout-horizontal","has-no-thumbnails"],"jetpack_sharing_enabled":true,"_links":{"self":[{"href":"https:\/\/christellefelixformation.com\/index.php\/wp-json\/wp\/v2\/pages\/3865","targetHints":{"allow":["GET"]}}],"collection":[{"href":"https:\/\/christellefelixformation.com\/index.php\/wp-json\/wp\/v2\/pages"}],"about":[{"href":"https:\/\/christellefelixformation.com\/index.php\/wp-json\/wp\/v2\/types\/page"}],"author":[{"embeddable":true,"href":"https:\/\/christellefelixformation.com\/index.php\/wp-json\/wp\/v2\/users\/1"}],"replies":[{"embeddable":true,"href":"https:\/\/christellefelixformation.com\/index.php\/wp-json\/wp\/v2\/comments?post=3865"}],"version-history":[{"count":13,"href":"https:\/\/christellefelixformation.com\/index.php\/wp-json\/wp\/v2\/pages\/3865\/revisions"}],"predecessor-version":[{"id":3890,"href":"https:\/\/christellefelixformation.com\/index.php\/wp-json\/wp\/v2\/pages\/3865\/revisions\/3890"}],"wp:attachment":[{"href":"https:\/\/christellefelixformation.com\/index.php\/wp-json\/wp\/v2\/media?parent=3865"}],"curies":[{"name":"wp","href":"https:\/\/api.w.org\/{rel}","templated":true}]}}