{"id":3905,"date":"2024-06-19T09:28:32","date_gmt":"2024-06-19T07:28:32","guid":{"rendered":"https:\/\/christellefelixformation.com\/?page_id=3905"},"modified":"2024-06-19T09:39:21","modified_gmt":"2024-06-19T07:39:21","slug":"interview-corinne-melanie-comels","status":"publish","type":"page","link":"https:\/\/christellefelixformation.com\/index.php\/interview-corinne-melanie-comels\/","title":{"rendered":"Interview Corinne &#038; M\u00e9lanie &#8211; COMELS"},"content":{"rendered":"\t\t<div data-elementor-type=\"wp-page\" data-elementor-id=\"3905\" class=\"elementor elementor-3905\">\n\t\t\t\t<div class=\"elementor-element elementor-element-c9601fc e-grid e-con-boxed wpr-particle-no wpr-jarallax-no wpr-parallax-no wpr-sticky-section-no e-con e-parent\" data-id=\"c9601fc\" data-element_type=\"container\" data-e-type=\"container\">\n\t\t\t\t\t<div class=\"e-con-inner\">\n\t\t\t\t<div class=\"elementor-element elementor-element-26db8f8 elementor-widget elementor-widget-image\" data-id=\"26db8f8\" data-element_type=\"widget\" data-e-type=\"widget\" data-widget_type=\"image.default\">\n\t\t\t\t<div class=\"elementor-widget-container\">\n\t\t\t\t\t\t\t\t\t\t\t\t\t\t\t<img fetchpriority=\"high\" decoding=\"async\" width=\"986\" height=\"344\" src=\"https:\/\/christellefelixformation.com\/wp-content\/uploads\/2024\/06\/Capture-decran-2024-06-19-a-09.33.34.png\" class=\"attachment-large size-large wp-image-3910\" alt=\"\" srcset=\"https:\/\/christellefelixformation.com\/wp-content\/uploads\/2024\/06\/Capture-decran-2024-06-19-a-09.33.34.png 986w, https:\/\/christellefelixformation.com\/wp-content\/uploads\/2024\/06\/Capture-decran-2024-06-19-a-09.33.34-300x105.png 300w, https:\/\/christellefelixformation.com\/wp-content\/uploads\/2024\/06\/Capture-decran-2024-06-19-a-09.33.34-768x268.png 768w, https:\/\/christellefelixformation.com\/wp-content\/uploads\/2024\/06\/Capture-decran-2024-06-19-a-09.33.34-500x174.png 500w, https:\/\/christellefelixformation.com\/wp-content\/uploads\/2024\/06\/Capture-decran-2024-06-19-a-09.33.34-800x279.png 800w, https:\/\/christellefelixformation.com\/wp-content\/uploads\/2024\/06\/Capture-decran-2024-06-19-a-09.33.34-600x209.png 600w\" sizes=\"(max-width: 986px) 100vw, 986px\" \/>\t\t\t\t\t\t\t\t\t\t\t\t\t\t\t<\/div>\n\t\t\t\t<\/div>\n\t\t\t\t<div class=\"elementor-element elementor-element-16a648d elementor-widget__width-initial elementor-widget elementor-widget-text-editor\" data-id=\"16a648d\" data-element_type=\"widget\" data-e-type=\"widget\" data-widget_type=\"text-editor.default\">\n\t\t\t\t<div class=\"elementor-widget-container\">\n\t\t\t\t\t\t\t\t\t<h1 class=\"style-scope ytd-watch-metadata\" style=\"text-align: center;\">#38 Christelle : Ma\u00eetriser sa fiscalit\u00e9 !<\/h1><h1 class=\"websitePodcastHeaderTitle\" style=\"text-align: center;\">Christelle F\u00e9lix<\/h1>\t\t\t\t\t\t\t\t<\/div>\n\t\t\t\t<\/div>\n\t\t<div class=\"elementor-element elementor-element-22b1544 e-con-full e-flex wpr-particle-no wpr-jarallax-no wpr-parallax-no wpr-sticky-section-no e-con e-child\" data-id=\"22b1544\" data-element_type=\"container\" data-e-type=\"container\">\n\t\t\t\t<div class=\"elementor-element elementor-element-e383798 elementor-widget elementor-widget-text-editor\" data-id=\"e383798\" data-element_type=\"widget\" data-e-type=\"widget\" data-widget_type=\"text-editor.default\">\n\t\t\t\t<div class=\"elementor-widget-container\">\n\t\t\t\t\t\t\t\t\t<div class=\"websitePodcastHeaderDurationDate\" style=\"text-align: center;\">32 min \/ Publi\u00e9e en Mai 2022<time title=\"03\/10\/2023 07:01 \" datetime=\"2023-10-03T05:01:00Z\" data-short=\"3 Oct\">\u00a0p<\/time><span class=\"by\">ar<\/span> <a href=\"https:\/\/www.instagram.com\/_investircomels_\/\">Investir Comels Ind\u00e9pendance Financi\u00e8re au F\u00e9minin<\/a><\/div>\t\t\t\t\t\t\t\t<\/div>\n\t\t\t\t<\/div>\n\t\t\t\t<\/div>\n\t\t\t\t\t<\/div>\n\t\t\t\t<\/div>\n\t\t<div class=\"elementor-element elementor-element-bccae56 e-con-full e-flex wpr-particle-no wpr-jarallax-no wpr-parallax-no wpr-sticky-section-no e-con e-parent\" data-id=\"bccae56\" data-element_type=\"container\" data-e-type=\"container\">\n\t\t\t\t<div class=\"elementor-element elementor-element-e70bd00 elementor-align-left elementor-widget elementor-widget-button\" data-id=\"e70bd00\" data-element_type=\"widget\" data-e-type=\"widget\" data-widget_type=\"button.default\">\n\t\t\t\t<div class=\"elementor-widget-container\">\n\t\t\t\t\t\t\t\t\t<div class=\"elementor-button-wrapper\">\n\t\t\t\t\t<a class=\"elementor-button elementor-button-link elementor-size-sm\" href=\"https:\/\/www.youtube.com\/watch?v=0mtb7IVzalY&#038;t=10s\">\n\t\t\t\t\t\t<span class=\"elementor-button-content-wrapper\">\n\t\t\t\t\t\t\t\t\t<span class=\"elementor-button-text\">J'\u00e9coute<\/span>\n\t\t\t\t\t<\/span>\n\t\t\t\t\t<\/a>\n\t\t\t\t<\/div>\n\t\t\t\t\t\t\t\t<\/div>\n\t\t\t\t<\/div>\n\t\t\t\t<\/div>\n\t\t<div class=\"elementor-element elementor-element-e3907b0 e-flex e-con-boxed wpr-particle-no wpr-jarallax-no wpr-parallax-no wpr-sticky-section-no e-con e-parent\" data-id=\"e3907b0\" data-element_type=\"container\" data-e-type=\"container\">\n\t\t\t\t\t<div class=\"e-con-inner\">\n\t\t\t\t<div class=\"elementor-element elementor-element-632d146 elementor-widget elementor-widget-text-editor\" data-id=\"632d146\" data-element_type=\"widget\" data-e-type=\"widget\" data-widget_type=\"text-editor.default\">\n\t\t\t\t<div class=\"elementor-widget-container\">\n\t\t\t\t\t\t\t\t\t<p>Comment investir dans des immeubles de rapport en divisant une maison<\/p><p>Aujourd&rsquo;hui, nous avons le plaisir d&rsquo;accueillir Christelle sur la communaut\u00e9 Investir Comels. Une interview vraiment riche de p\u00e9pites ! Christelle a fait preuve de r\u00e9silience pour parvenir \u00e0 ses objectifs ! Et on adore son anecdote : \u00a0\u00bb Mon objectif \u00e9tait d&rsquo;atteindre un nombre de locataires \u00e9quivalent \u00e0 une salle de classe\u00a0\u00bb 1000 mercis pour cette interview !\u00a0<\/p>\t\t\t\t\t\t\t\t<\/div>\n\t\t\t\t<\/div>\n\t\t\t\t\t<\/div>\n\t\t\t\t<\/div>\n\t\t\t\t<\/div>\n\t\t","protected":false},"excerpt":{"rendered":"<p>#38 Christelle : Ma\u00eetriser sa fiscalit\u00e9 ! Christelle F\u00e9lix 32 min \/ Publi\u00e9e en Mai 2022\u00a0par Investir Comels Ind\u00e9pendance Financi\u00e8re au F\u00e9minin J&rsquo;\u00e9coute Comment investir dans des immeubles de rapport en divisant une maison Aujourd&rsquo;hui, nous avons le plaisir d&rsquo;accueillir Christelle sur la communaut\u00e9 Investir Comels. Une interview vraiment riche de p\u00e9pites ! Christelle a fait preuve de r\u00e9silience pour parvenir \u00e0 ses objectifs ! Et on adore son anecdote : \u00a0\u00bb Mon objectif \u00e9tait d&rsquo;atteindre un nombre de locataires \u00e9quivalent \u00e0 une salle de classe\u00a0\u00bb 1000 mercis pour cette interview !\u00a0<\/p>\n","protected":false},"author":1,"featured_media":0,"parent":0,"menu_order":0,"comment_status":"closed","ping_status":"closed","template":"","meta":{"_eb_attr":"","ocean_post_layout":"","ocean_both_sidebars_style":"","ocean_both_sidebars_content_width":0,"ocean_both_sidebars_sidebars_width":0,"ocean_sidebar":"","ocean_second_sidebar":"","ocean_disable_margins":"enable","ocean_add_body_class":"","ocean_shortcode_before_top_bar":"","ocean_shortcode_after_top_bar":"","ocean_shortcode_before_header":"","ocean_shortcode_after_header":"","ocean_has_shortcode":"","ocean_shortcode_after_title":"","ocean_shortcode_before_footer_widgets":"","ocean_shortcode_after_footer_widgets":"","ocean_shortcode_before_footer_bottom":"","ocean_shortcode_after_footer_bottom":"","ocean_display_top_bar":"default","ocean_display_header":"default","ocean_header_style":"","ocean_center_header_left_menu":"","ocean_custom_header_template":"","ocean_custom_logo":0,"ocean_custom_retina_logo":0,"ocean_custom_logo_max_width":0,"ocean_custom_logo_tablet_max_width":0,"ocean_custom_logo_mobile_max_width":0,"ocean_custom_logo_max_height":0,"ocean_custom_logo_tablet_max_height":0,"ocean_custom_logo_mobile_max_height":0,"ocean_header_custom_menu":"","ocean_menu_typo_font_family":"","ocean_menu_typo_font_subset":"","ocean_menu_typo_font_size":0,"ocean_menu_typo_font_size_tablet":0,"ocean_menu_typo_font_size_mobile":0,"ocean_menu_typo_font_size_unit":"px","ocean_menu_typo_font_weight":"","ocean_menu_typo_font_weight_tablet":"","ocean_menu_typo_font_weight_mobile":"","ocean_menu_typo_transform":"","ocean_menu_typo_transform_tablet":"","ocean_menu_typo_transform_mobile":"","ocean_menu_typo_line_height":0,"ocean_menu_typo_line_height_tablet":0,"ocean_menu_typo_line_height_mobile":0,"ocean_menu_typo_line_height_unit":"","ocean_menu_typo_spacing":0,"ocean_menu_typo_spacing_tablet":0,"ocean_menu_typo_spacing_mobile":0,"ocean_menu_typo_spacing_unit":"","ocean_menu_link_color":"","ocean_menu_link_color_hover":"","ocean_menu_link_color_active":"","ocean_menu_link_background":"","ocean_menu_link_hover_background":"","ocean_menu_link_active_background":"","ocean_menu_social_links_bg":"","ocean_menu_social_hover_links_bg":"","ocean_menu_social_links_color":"","ocean_menu_social_hover_links_color":"","ocean_disable_title":"default","ocean_disable_heading":"default","ocean_post_title":"","ocean_post_subheading":"","ocean_post_title_style":"","ocean_post_title_background_color":"","ocean_post_title_background":0,"ocean_post_title_bg_image_position":"","ocean_post_title_bg_image_attachment":"","ocean_post_title_bg_image_repeat":"","ocean_post_title_bg_image_size":"","ocean_post_title_height":0,"ocean_post_title_bg_overlay":0.5,"ocean_post_title_bg_overlay_color":"","ocean_disable_breadcrumbs":"default","ocean_breadcrumbs_color":"","ocean_breadcrumbs_separator_color":"","ocean_breadcrumbs_links_color":"","ocean_breadcrumbs_links_hover_color":"","ocean_display_footer_widgets":"default","ocean_display_footer_bottom":"default","ocean_custom_footer_template":"","footnotes":""},"class_list":["post-3905","page","type-page","status-publish","hentry","entry","owp-thumbs-layout-horizontal","owp-btn-big","owp-tabs-layout-horizontal","has-no-thumbnails"],"jetpack_sharing_enabled":true,"_links":{"self":[{"href":"https:\/\/christellefelixformation.com\/index.php\/wp-json\/wp\/v2\/pages\/3905","targetHints":{"allow":["GET"]}}],"collection":[{"href":"https:\/\/christellefelixformation.com\/index.php\/wp-json\/wp\/v2\/pages"}],"about":[{"href":"https:\/\/christellefelixformation.com\/index.php\/wp-json\/wp\/v2\/types\/page"}],"author":[{"embeddable":true,"href":"https:\/\/christellefelixformation.com\/index.php\/wp-json\/wp\/v2\/users\/1"}],"replies":[{"embeddable":true,"href":"https:\/\/christellefelixformation.com\/index.php\/wp-json\/wp\/v2\/comments?post=3905"}],"version-history":[{"count":7,"href":"https:\/\/christellefelixformation.com\/index.php\/wp-json\/wp\/v2\/pages\/3905\/revisions"}],"predecessor-version":[{"id":3914,"href":"https:\/\/christellefelixformation.com\/index.php\/wp-json\/wp\/v2\/pages\/3905\/revisions\/3914"}],"wp:attachment":[{"href":"https:\/\/christellefelixformation.com\/index.php\/wp-json\/wp\/v2\/media?parent=3905"}],"curies":[{"name":"wp","href":"https:\/\/api.w.org\/{rel}","templated":true}]}}