{"id":4270,"date":"2025-03-26T20:59:56","date_gmt":"2025-03-26T19:59:56","guid":{"rendered":"https:\/\/christellefelixformation.com\/?page_id=4270"},"modified":"2025-10-15T14:24:44","modified_gmt":"2025-10-15T12:24:44","slug":"interview-jugeote-copy-2","status":"publish","type":"page","link":"https:\/\/christellefelixformation.com\/index.php\/interview-jugeote-copy-2\/","title":{"rendered":"Podcast Bye Bye Patron"},"content":{"rendered":"\t\t<div data-elementor-type=\"wp-page\" data-elementor-id=\"4270\" class=\"elementor elementor-4270\">\n\t\t\t\t<div class=\"elementor-element elementor-element-8f50478 e-con-full e-flex wpr-particle-no wpr-jarallax-no wpr-parallax-no wpr-sticky-section-no e-con e-parent\" data-id=\"8f50478\" data-element_type=\"container\" data-e-type=\"container\">\n\t\t\t\t<div class=\"elementor-element elementor-element-198dbe5 elementor-widget__width-initial elementor-widget elementor-widget-image\" data-id=\"198dbe5\" data-element_type=\"widget\" data-e-type=\"widget\" data-widget_type=\"image.default\">\n\t\t\t\t<div class=\"elementor-widget-container\">\n\t\t\t\t\t\t\t\t\t\t\t\t\t\t\t<img fetchpriority=\"high\" decoding=\"async\" width=\"326\" height=\"326\" src=\"https:\/\/christellefelixformation.com\/wp-content\/uploads\/2025\/03\/Capture-decran-2025-03-26-a-20.52.59.png\" class=\"attachment-large size-large wp-image-4271\" alt=\"\" srcset=\"https:\/\/christellefelixformation.com\/wp-content\/uploads\/2025\/03\/Capture-decran-2025-03-26-a-20.52.59.png 326w, https:\/\/christellefelixformation.com\/wp-content\/uploads\/2025\/03\/Capture-decran-2025-03-26-a-20.52.59-300x300.png 300w, https:\/\/christellefelixformation.com\/wp-content\/uploads\/2025\/03\/Capture-decran-2025-03-26-a-20.52.59-150x150.png 150w, https:\/\/christellefelixformation.com\/wp-content\/uploads\/2025\/03\/Capture-decran-2025-03-26-a-20.52.59-100x100.png 100w\" sizes=\"(max-width: 326px) 100vw, 326px\" \/>\t\t\t\t\t\t\t\t\t\t\t\t\t\t\t<\/div>\n\t\t\t\t<\/div>\n\t\t<div class=\"elementor-element elementor-element-e07fa8e e-con-full e-flex wpr-particle-no wpr-jarallax-no wpr-parallax-no wpr-sticky-section-no e-con e-child\" data-id=\"e07fa8e\" data-element_type=\"container\" data-e-type=\"container\">\n\t\t\t\t<div class=\"elementor-element elementor-element-fbe1d1d elementor-widget__width-initial elementor-widget elementor-widget-text-editor\" data-id=\"fbe1d1d\" data-element_type=\"widget\" data-e-type=\"widget\" data-widget_type=\"text-editor.default\">\n\t\t\t\t<div class=\"elementor-widget-container\">\n\t\t\t\t\t\t\t\t\t<h1 class=\"websitePodcastHeaderTitle\">Fiscalit\u00e9 LMNP\/LMP &#8211; Comment payer z\u00e9ro imp\u00f4ts sur ses loyers avec Christelle F\u00e9lix<\/h1>\t\t\t\t\t\t\t\t<\/div>\n\t\t\t\t<\/div>\n\t\t<div class=\"elementor-element elementor-element-137e261 e-con-full e-flex wpr-particle-no wpr-jarallax-no wpr-parallax-no wpr-sticky-section-no e-con e-child\" data-id=\"137e261\" data-element_type=\"container\" data-e-type=\"container\">\n\t\t\t\t<div class=\"elementor-element elementor-element-6353ee8 elementor-widget elementor-widget-text-editor\" data-id=\"6353ee8\" data-element_type=\"widget\" data-e-type=\"widget\" data-widget_type=\"text-editor.default\">\n\t\t\t\t<div class=\"elementor-widget-container\">\n\t\t\t\t\t\t\t\t\t<div class=\"websitePodcastHeaderDurationDate\">1 h 2 min <span class=\"websitePodcastEntryContentTextDateDurationSeparator\">\/<\/span> Publi\u00e9 26 Mars 2025<time title=\"03\/10\/2023 07:01 \" datetime=\"2023-10-03T05:01:00Z\" data-short=\"3 Oct\">\u00a0p<\/time><span class=\"by\">ar<\/span> <a href=\"https:\/\/www.byebyepatron.net\">Byebyepatron<\/a><\/div>\t\t\t\t\t\t\t\t<\/div>\n\t\t\t\t<\/div>\n\t\t\t\t<\/div>\n\t\t\t\t<\/div>\n\t\t\t\t<\/div>\n\t\t<div class=\"elementor-element elementor-element-bccae56 e-con-full e-flex wpr-particle-no wpr-jarallax-no wpr-parallax-no wpr-sticky-section-no e-con e-parent\" data-id=\"bccae56\" data-element_type=\"container\" data-e-type=\"container\">\n\t\t\t\t<div class=\"elementor-element elementor-element-e70bd00 elementor-align-left elementor-widget elementor-widget-button\" data-id=\"e70bd00\" data-element_type=\"widget\" data-e-type=\"widget\" data-widget_type=\"button.default\">\n\t\t\t\t<div class=\"elementor-widget-container\">\n\t\t\t\t\t\t\t\t\t<div class=\"elementor-button-wrapper\">\n\t\t\t\t\t<a class=\"elementor-button elementor-button-link elementor-size-sm\" href=\"https:\/\/www.byebyepatron.net\/podcast\/episode\/5331cfbf\/fiscalite-lmnplmp-comment-payer-0-impots-sur-ses-loyers-avec-christelle-felix\">\n\t\t\t\t\t\t<span class=\"elementor-button-content-wrapper\">\n\t\t\t\t\t\t\t\t\t<span class=\"elementor-button-text\">J'\u00e9coute<\/span>\n\t\t\t\t\t<\/span>\n\t\t\t\t\t<\/a>\n\t\t\t\t<\/div>\n\t\t\t\t\t\t\t\t<\/div>\n\t\t\t\t<\/div>\n\t\t\t\t<\/div>\n\t\t<div class=\"elementor-element elementor-element-e3907b0 e-flex e-con-boxed wpr-particle-no wpr-jarallax-no wpr-parallax-no wpr-sticky-section-no e-con e-parent\" data-id=\"e3907b0\" data-element_type=\"container\" data-e-type=\"container\">\n\t\t\t\t\t<div class=\"e-con-inner\">\n\t\t\t\t<div class=\"elementor-element elementor-element-632d146 elementor-widget elementor-widget-text-editor\" data-id=\"632d146\" data-element_type=\"widget\" data-e-type=\"widget\" data-widget_type=\"text-editor.default\">\n\t\t\t\t<div class=\"elementor-widget-container\">\n\t\t\t\t\t\t\t\t\t<p><strong>Elle a dit BYEBYE \u00e0 l&rsquo;\u00c9ducation Nationale et Vit de Ses Loyers ! + Comment ne pas payer d\u2019imp\u00f4ts sur ces loyers\u00a0<\/strong>\ud83d\ude80<\/p><p>Envie de VRAIES strat\u00e9gies fiscales immo ? Marre des th\u00e9ories ? Alors cet \u00e9pisode est FAIT pour vous !\u00a0\ud83d\ude80 Christelle F\u00e9lix, partage 10 ANS d&rsquo;exp\u00e9rience terrain sans BULSHIT et t\u2019aide \u00e0 prendre ton IND\u00c9PENDANCE FINANCI\u00c8RE\u00a0\ud83c\udfd8\ufe0f<\/p><p>Au programme de ce nouvel \u00e9pisode\u00a0:<\/p><ul><li><strong>G\u00e9n\u00e9rer un GROS CASH FLOW avec l&rsquo;immobilier locatif<\/strong>\ud83d\udcb0 (m\u00eame en partant de z\u00e9ro !)<\/li><li><strong>Optimiser ta FISCALIT\u00c9<\/strong>\ud83d\udd11 (et ne pas PAYER d&rsquo;imp\u00f4ts en toute l\u00e9galit\u00e9 !)<\/li><li><strong>G\u00e9rer tes locataires comme un PRO<\/strong>\ud83e\uddf1 (et \u00e9viter les gal\u00e8res !)<\/li><li><strong>REMPLACER ton salaire par DES GROS BILLETS IMMO<\/strong>\ud83d\ude80 (et enfin devenir TON PROPRE PATRON !)<\/li><\/ul><p>Avec Christelle, ce n\u2019est pas du scam, c&rsquo;est une PERSONNE QUI L&rsquo;A FAIT. Elle a mis les mains dans le cambouis, elle a gal\u00e9r\u00e9, elle a APPRIS sur le terrain, et aujourd&rsquo;hui, elle VIT LA VIE QU&rsquo;ELLE A CHOISIE.<\/p><p>Alors, si toi aussi tu veux te cr\u00e9er un EMPIRE IMMOBILIER et enfin GO\u00dbTER \u00c0 LA LIBERT\u00c9 FINANCI\u00c8RE, ce podcast est FAIT POUR TOI !\u00a0\ud83d\udd25<\/p><p>\ud83d\udc49<strong>\u00c9coutez MAINTENANT et passez \u00e0 l&rsquo;ACTION !<\/strong>\ud83c\udfa7<\/p><p>\u00a0<\/p><p>\u00a0<\/p><p>\ud83d\udc49 <a href=\"https:\/\/www.grosbillets.com\/\" target=\"_blank\" rel=\"noopener\">D\u00e9couvrez tous mes liens sur GrosBillets.com<\/a><\/p><p>\ud83d\udc49 Obtenez plein de conseils et info sur l&rsquo;immobilier en exclusivit\u00e9 sur le Groupe Telegram :\u00a0<\/p><p><a href=\"https:\/\/t.me\/byebyepatronpodcast\" target=\"_blank\" rel=\"noopener\">https:\/\/t.me\/byebyepatronpodcast<\/a><\/p><p>\ud83d\ude80 N\u00e9gocier un bien immobilier, se lancer en Bourse, avoir un dossier bancaire en b\u00e9ton, Utiliser l&rsquo;IA pour gagner du temps et de l&rsquo;argent !\u00a0<\/p><p>\ud83d\udd11 <strong>Le Club1vest<\/strong> : Id\u00e9al pour d\u00e9buter ou acc\u00e9l\u00e9rer la constitution de votre patrimoine immobilier.<\/p><p>\ud83c\udf99\ufe0f <strong>La Bo\u00eete \u00e0 Outils des Investisseurs<\/strong> : Le podcast priv\u00e9 qui va droit au but, offrant des conseils pratiques et des strat\u00e9gies \u00e9prouv\u00e9es pour r\u00e9ussir vos investissements.<\/p>\t\t\t\t\t\t\t\t<\/div>\n\t\t\t\t<\/div>\n\t\t\t\t\t<\/div>\n\t\t\t\t<\/div>\n\t\t\t\t<\/div>\n\t\t","protected":false},"excerpt":{"rendered":"<p>Fiscalit\u00e9 LMNP\/LMP &#8211; Comment payer z\u00e9ro imp\u00f4ts sur ses loyers avec Christelle F\u00e9lix 1 h 2 min \/ Publi\u00e9 26 Mars 2025\u00a0par Byebyepatron J&rsquo;\u00e9coute Elle a dit BYEBYE \u00e0 l&rsquo;\u00c9ducation Nationale et Vit de Ses Loyers ! + Comment ne pas payer d\u2019imp\u00f4ts sur ces loyers\u00a0\ud83d\ude80 Envie de VRAIES strat\u00e9gies fiscales immo ? Marre des th\u00e9ories ? Alors cet \u00e9pisode est FAIT pour vous !\u00a0\ud83d\ude80 Christelle F\u00e9lix, partage 10 ANS d&rsquo;exp\u00e9rience terrain sans BULSHIT et t\u2019aide \u00e0 prendre ton IND\u00c9PENDANCE FINANCI\u00c8RE\u00a0\ud83c\udfd8\ufe0f Au programme de ce nouvel \u00e9pisode\u00a0: G\u00e9n\u00e9rer un GROS CASH FLOW avec l&rsquo;immobilier locatif\ud83d\udcb0 (m\u00eame en partant de z\u00e9ro !) Optimiser ta FISCALIT\u00c9\ud83d\udd11 (et ne pas PAYER d&rsquo;imp\u00f4ts en toute l\u00e9galit\u00e9 !) G\u00e9rer tes locataires comme un PRO\ud83e\uddf1 (et \u00e9viter les gal\u00e8res !) REMPLACER ton salaire par DES GROS BILLETS IMMO\ud83d\ude80 (et enfin devenir TON PROPRE PATRON !) Avec Christelle, ce n\u2019est pas du scam, c&rsquo;est une PERSONNE QUI L&rsquo;A FAIT. Elle a mis les mains dans le cambouis, elle a gal\u00e9r\u00e9, elle a APPRIS sur le terrain, et aujourd&rsquo;hui, elle VIT LA VIE QU&rsquo;ELLE A CHOISIE. Alors, si toi aussi tu veux te cr\u00e9er un EMPIRE IMMOBILIER et enfin GO\u00dbTER \u00c0 LA LIBERT\u00c9 FINANCI\u00c8RE, ce podcast est FAIT POUR TOI !\u00a0\ud83d\udd25 \ud83d\udc49\u00c9coutez MAINTENANT et passez \u00e0 l&rsquo;ACTION !\ud83c\udfa7 \u00a0 \u00a0 \ud83d\udc49 D\u00e9couvrez tous mes liens sur GrosBillets.com \ud83d\udc49 Obtenez plein de conseils et info sur l&rsquo;immobilier en exclusivit\u00e9 sur le Groupe Telegram :\u00a0 https:\/\/t.me\/byebyepatronpodcast \ud83d\ude80 N\u00e9gocier un bien immobilier, se lancer en Bourse, avoir un dossier bancaire en b\u00e9ton, Utiliser l&rsquo;IA pour gagner du temps et de l&rsquo;argent !\u00a0 \ud83d\udd11 Le Club1vest : Id\u00e9al pour d\u00e9buter ou acc\u00e9l\u00e9rer la constitution de votre patrimoine immobilier. \ud83c\udf99\ufe0f La Bo\u00eete \u00e0 Outils des Investisseurs : Le podcast priv\u00e9 qui va droit au but, offrant des conseils pratiques et des strat\u00e9gies \u00e9prouv\u00e9es pour r\u00e9ussir vos investissements.<\/p>\n","protected":false},"author":1,"featured_media":0,"parent":0,"menu_order":0,"comment_status":"closed","ping_status":"closed","template":"","meta":{"_eb_attr":"","ocean_post_layout":"","ocean_both_sidebars_style":"","ocean_both_sidebars_content_width":0,"ocean_both_sidebars_sidebars_width":0,"ocean_sidebar":"","ocean_second_sidebar":"","ocean_disable_margins":"enable","ocean_add_body_class":"","ocean_shortcode_before_top_bar":"","ocean_shortcode_after_top_bar":"","ocean_shortcode_before_header":"","ocean_shortcode_after_header":"","ocean_has_shortcode":"","ocean_shortcode_after_title":"","ocean_shortcode_before_footer_widgets":"","ocean_shortcode_after_footer_widgets":"","ocean_shortcode_before_footer_bottom":"","ocean_shortcode_after_footer_bottom":"","ocean_display_top_bar":"default","ocean_display_header":"default","ocean_header_style":"","ocean_center_header_left_menu":"","ocean_custom_header_template":"","ocean_custom_logo":0,"ocean_custom_retina_logo":0,"ocean_custom_logo_max_width":0,"ocean_custom_logo_tablet_max_width":0,"ocean_custom_logo_mobile_max_width":0,"ocean_custom_logo_max_height":0,"ocean_custom_logo_tablet_max_height":0,"ocean_custom_logo_mobile_max_height":0,"ocean_header_custom_menu":"","ocean_menu_typo_font_family":"","ocean_menu_typo_font_subset":"","ocean_menu_typo_font_size":0,"ocean_menu_typo_font_size_tablet":0,"ocean_menu_typo_font_size_mobile":0,"ocean_menu_typo_font_size_unit":"px","ocean_menu_typo_font_weight":"","ocean_menu_typo_font_weight_tablet":"","ocean_menu_typo_font_weight_mobile":"","ocean_menu_typo_transform":"","ocean_menu_typo_transform_tablet":"","ocean_menu_typo_transform_mobile":"","ocean_menu_typo_line_height":0,"ocean_menu_typo_line_height_tablet":0,"ocean_menu_typo_line_height_mobile":0,"ocean_menu_typo_line_height_unit":"","ocean_menu_typo_spacing":0,"ocean_menu_typo_spacing_tablet":0,"ocean_menu_typo_spacing_mobile":0,"ocean_menu_typo_spacing_unit":"","ocean_menu_link_color":"","ocean_menu_link_color_hover":"","ocean_menu_link_color_active":"","ocean_menu_link_background":"","ocean_menu_link_hover_background":"","ocean_menu_link_active_background":"","ocean_menu_social_links_bg":"","ocean_menu_social_hover_links_bg":"","ocean_menu_social_links_color":"","ocean_menu_social_hover_links_color":"","ocean_disable_title":"default","ocean_disable_heading":"default","ocean_post_title":"","ocean_post_subheading":"","ocean_post_title_style":"","ocean_post_title_background_color":"","ocean_post_title_background":0,"ocean_post_title_bg_image_position":"","ocean_post_title_bg_image_attachment":"","ocean_post_title_bg_image_repeat":"","ocean_post_title_bg_image_size":"","ocean_post_title_height":0,"ocean_post_title_bg_overlay":0.5,"ocean_post_title_bg_overlay_color":"","ocean_disable_breadcrumbs":"default","ocean_breadcrumbs_color":"","ocean_breadcrumbs_separator_color":"","ocean_breadcrumbs_links_color":"","ocean_breadcrumbs_links_hover_color":"","ocean_display_footer_widgets":"default","ocean_display_footer_bottom":"default","ocean_custom_footer_template":"","footnotes":""},"class_list":["post-4270","page","type-page","status-publish","hentry","entry","owp-thumbs-layout-horizontal","owp-btn-big","owp-tabs-layout-horizontal","has-no-thumbnails"],"jetpack_sharing_enabled":true,"_links":{"self":[{"href":"https:\/\/christellefelixformation.com\/index.php\/wp-json\/wp\/v2\/pages\/4270","targetHints":{"allow":["GET"]}}],"collection":[{"href":"https:\/\/christellefelixformation.com\/index.php\/wp-json\/wp\/v2\/pages"}],"about":[{"href":"https:\/\/christellefelixformation.com\/index.php\/wp-json\/wp\/v2\/types\/page"}],"author":[{"embeddable":true,"href":"https:\/\/christellefelixformation.com\/index.php\/wp-json\/wp\/v2\/users\/1"}],"replies":[{"embeddable":true,"href":"https:\/\/christellefelixformation.com\/index.php\/wp-json\/wp\/v2\/comments?post=4270"}],"version-history":[{"count":8,"href":"https:\/\/christellefelixformation.com\/index.php\/wp-json\/wp\/v2\/pages\/4270\/revisions"}],"predecessor-version":[{"id":4387,"href":"https:\/\/christellefelixformation.com\/index.php\/wp-json\/wp\/v2\/pages\/4270\/revisions\/4387"}],"wp:attachment":[{"href":"https:\/\/christellefelixformation.com\/index.php\/wp-json\/wp\/v2\/media?parent=4270"}],"curies":[{"name":"wp","href":"https:\/\/api.w.org\/{rel}","templated":true}]}}