{"id":4388,"date":"2025-10-15T14:32:20","date_gmt":"2025-10-15T12:32:20","guid":{"rendered":"https:\/\/christellefelixformation.com\/?page_id=4388"},"modified":"2025-10-15T19:42:14","modified_gmt":"2025-10-15T17:42:14","slug":"interview-roy-side-gestion-du-stress-leadership","status":"publish","type":"page","link":"https:\/\/christellefelixformation.com\/index.php\/interview-roy-side-gestion-du-stress-leadership\/","title":{"rendered":"Interview Roy Side &#8211; Gestion du stress &#038; Leadership"},"content":{"rendered":"\t\t<div data-elementor-type=\"wp-page\" data-elementor-id=\"4388\" class=\"elementor elementor-4388\">\n\t\t\t\t<div class=\"elementor-element elementor-element-8f50478 e-con-full e-flex wpr-particle-no wpr-jarallax-no wpr-parallax-no wpr-sticky-section-no e-con e-parent\" data-id=\"8f50478\" data-element_type=\"container\" data-e-type=\"container\">\n\t\t\t\t<div class=\"elementor-element elementor-element-198dbe5 elementor-widget__width-initial elementor-widget elementor-widget-image\" data-id=\"198dbe5\" data-element_type=\"widget\" data-e-type=\"widget\" data-widget_type=\"image.default\">\n\t\t\t\t<div class=\"elementor-widget-container\">\n\t\t\t\t\t\t\t\t\t\t\t\t\t\t\t<img fetchpriority=\"high\" decoding=\"async\" width=\"500\" height=\"500\" src=\"https:\/\/christellefelixformation.com\/wp-content\/uploads\/2025\/10\/Design-sans-titre.png\" class=\"attachment-large size-large wp-image-4393\" alt=\"\" srcset=\"https:\/\/christellefelixformation.com\/wp-content\/uploads\/2025\/10\/Design-sans-titre.png 500w, https:\/\/christellefelixformation.com\/wp-content\/uploads\/2025\/10\/Design-sans-titre-300x300.png 300w, https:\/\/christellefelixformation.com\/wp-content\/uploads\/2025\/10\/Design-sans-titre-150x150.png 150w, https:\/\/christellefelixformation.com\/wp-content\/uploads\/2025\/10\/Design-sans-titre-100x100.png 100w\" sizes=\"(max-width: 500px) 100vw, 500px\" \/>\t\t\t\t\t\t\t\t\t\t\t\t\t\t\t<\/div>\n\t\t\t\t<\/div>\n\t\t<div class=\"elementor-element elementor-element-e07fa8e e-con-full e-flex wpr-particle-no wpr-jarallax-no wpr-parallax-no wpr-sticky-section-no e-con e-child\" data-id=\"e07fa8e\" data-element_type=\"container\" data-e-type=\"container\">\n\t\t\t\t<div class=\"elementor-element elementor-element-fbe1d1d elementor-widget__width-initial elementor-widget elementor-widget-text-editor\" data-id=\"fbe1d1d\" data-element_type=\"widget\" data-e-type=\"widget\" data-widget_type=\"text-editor.default\">\n\t\t\t\t<div class=\"elementor-widget-container\">\n\t\t\t\t\t\t\t\t\t<h1 class=\"websitePodcastHeaderTitle\"><span style=\"text-align: var(--text-align); background-color: rgba(2, 1, 1, 0);\">Meilleur moyen de pr\u00e9voir son avenir, c\u2019est de &#8230; @christelle Felix &#8211; <\/span><\/h1><h1 class=\"websitePodcastHeaderTitle\"><span style=\"text-align: var(--text-align); background-color: rgba(2, 1, 1, 0);\">Les Rencontres du destin by Roy<\/span><\/h1>\t\t\t\t\t\t\t\t<\/div>\n\t\t\t\t<\/div>\n\t\t<div class=\"elementor-element elementor-element-137e261 e-con-full e-flex wpr-particle-no wpr-jarallax-no wpr-parallax-no wpr-sticky-section-no e-con e-child\" data-id=\"137e261\" data-element_type=\"container\" data-e-type=\"container\">\n\t\t\t\t<div class=\"elementor-element elementor-element-6353ee8 elementor-widget elementor-widget-text-editor\" data-id=\"6353ee8\" data-element_type=\"widget\" data-e-type=\"widget\" data-widget_type=\"text-editor.default\">\n\t\t\t\t<div class=\"elementor-widget-container\">\n\t\t\t\t\t\t\t\t\t<div class=\"websitePodcastHeaderDurationDate\">1 h 2 min <span class=\"websitePodcastEntryContentTextDateDurationSeparator\">\/ Publi\u00e9 15 Mars 2022<\/span><\/div>\t\t\t\t\t\t\t\t<\/div>\n\t\t\t\t<\/div>\n\t\t\t\t<\/div>\n\t\t\t\t<\/div>\n\t\t\t\t<\/div>\n\t\t<div class=\"elementor-element elementor-element-bccae56 e-con-full e-flex wpr-particle-no wpr-jarallax-no wpr-parallax-no wpr-sticky-section-no e-con e-parent\" data-id=\"bccae56\" data-element_type=\"container\" data-e-type=\"container\">\n\t\t\t\t<div class=\"elementor-element elementor-element-e70bd00 elementor-align-left elementor-widget elementor-widget-button\" data-id=\"e70bd00\" data-element_type=\"widget\" data-e-type=\"widget\" data-widget_type=\"button.default\">\n\t\t\t\t<div class=\"elementor-widget-container\">\n\t\t\t\t\t\t\t\t\t<div class=\"elementor-button-wrapper\">\n\t\t\t\t\t<a class=\"elementor-button elementor-button-link elementor-size-sm\" href=\"https:\/\/www.youtube.com\/live\/PdkglzLttxo?si=BRJhtqCqyigoscCM\">\n\t\t\t\t\t\t<span class=\"elementor-button-content-wrapper\">\n\t\t\t\t\t\t\t\t\t<span class=\"elementor-button-text\">J'\u00e9coute<\/span>\n\t\t\t\t\t<\/span>\n\t\t\t\t\t<\/a>\n\t\t\t\t<\/div>\n\t\t\t\t\t\t\t\t<\/div>\n\t\t\t\t<\/div>\n\t\t\t\t<\/div>\n\t\t<div class=\"elementor-element elementor-element-e3907b0 e-flex e-con-boxed wpr-particle-no wpr-jarallax-no wpr-parallax-no wpr-sticky-section-no e-con e-parent\" data-id=\"e3907b0\" data-element_type=\"container\" data-e-type=\"container\">\n\t\t\t\t\t<div class=\"e-con-inner\">\n\t\t\t\t<div class=\"elementor-element elementor-element-632d146 elementor-widget elementor-widget-text-editor\" data-id=\"632d146\" data-element_type=\"widget\" data-e-type=\"widget\" data-widget_type=\"text-editor.default\">\n\t\t\t\t<div class=\"elementor-widget-container\">\n\t\t\t\t\t\t\t\t\t<p>Vid\u00e9o extraite de l&rsquo;interview faite par Roy dans laquelle j&rsquo;explique comment j&rsquo;ai d\u00e9but\u00e9 dans l&rsquo;immobilier.<\/p><p>21 ans me s\u00e9pare de ce 1er achat immobilier. J&rsquo;ai achet\u00e9 le studio dont j&rsquo;\u00e9tais locataire pour en faire ma 1\u00e8re r\u00e9sidence principale ! Mon objectif \u00e9tait simplement de ne pas me retrouver \u00e0 la rue \u00e0 l&rsquo;\u00e2ge de la retraite.<\/p><p>A l&rsquo;\u00e9poque, je cumulais plusieurs boulots : serveuse les soirs et week ends, missions d&rsquo;aides soignantes pendant les vacances, aide \u00e9ducatrice en CDD dans un coll\u00e8ge tout en pr\u00e9parant le concours de professeur des \u00e9coles.<\/p><p>Vous comprendrez dans une prochaine vid\u00e9o que la r\u00e9sidence principale peut \u00eatre un actif contrairement \u00e0 beaucoup d&rsquo;id\u00e9es re\u00e7ues &#8230;<\/p><p>Et pour vous, la RP est un actif ou un passif ?<\/p>\t\t\t\t\t\t\t\t<\/div>\n\t\t\t\t<\/div>\n\t\t\t\t\t<\/div>\n\t\t\t\t<\/div>\n\t\t\t\t<\/div>\n\t\t","protected":false},"excerpt":{"rendered":"<p>Meilleur moyen de pr\u00e9voir son avenir, c\u2019est de &#8230; @christelle Felix &#8211; Les Rencontres du destin by Roy 1 h 2 min \/ Publi\u00e9 15 Mars 2022 J&rsquo;\u00e9coute Vid\u00e9o extraite de l&rsquo;interview faite par Roy dans laquelle j&rsquo;explique comment j&rsquo;ai d\u00e9but\u00e9 dans l&rsquo;immobilier. 21 ans me s\u00e9pare de ce 1er achat immobilier. J&rsquo;ai achet\u00e9 le studio dont j&rsquo;\u00e9tais locataire pour en faire ma 1\u00e8re r\u00e9sidence principale ! Mon objectif \u00e9tait simplement de ne pas me retrouver \u00e0 la rue \u00e0 l&rsquo;\u00e2ge de la retraite. A l&rsquo;\u00e9poque, je cumulais plusieurs boulots : serveuse les soirs et week ends, missions d&rsquo;aides soignantes pendant les vacances, aide \u00e9ducatrice en CDD dans un coll\u00e8ge tout en pr\u00e9parant le concours de professeur des \u00e9coles. Vous comprendrez dans une prochaine vid\u00e9o que la r\u00e9sidence principale peut \u00eatre un actif contrairement \u00e0 beaucoup d&rsquo;id\u00e9es re\u00e7ues &#8230; Et pour vous, la RP est un actif ou un passif ?<\/p>\n","protected":false},"author":1,"featured_media":0,"parent":0,"menu_order":0,"comment_status":"closed","ping_status":"closed","template":"","meta":{"_eb_attr":"","ocean_post_layout":"","ocean_both_sidebars_style":"","ocean_both_sidebars_content_width":0,"ocean_both_sidebars_sidebars_width":0,"ocean_sidebar":"","ocean_second_sidebar":"","ocean_disable_margins":"enable","ocean_add_body_class":"","ocean_shortcode_before_top_bar":"","ocean_shortcode_after_top_bar":"","ocean_shortcode_before_header":"","ocean_shortcode_after_header":"","ocean_has_shortcode":"","ocean_shortcode_after_title":"","ocean_shortcode_before_footer_widgets":"","ocean_shortcode_after_footer_widgets":"","ocean_shortcode_before_footer_bottom":"","ocean_shortcode_after_footer_bottom":"","ocean_display_top_bar":"default","ocean_display_header":"default","ocean_header_style":"","ocean_center_header_left_menu":"","ocean_custom_header_template":"","ocean_custom_logo":0,"ocean_custom_retina_logo":0,"ocean_custom_logo_max_width":0,"ocean_custom_logo_tablet_max_width":0,"ocean_custom_logo_mobile_max_width":0,"ocean_custom_logo_max_height":0,"ocean_custom_logo_tablet_max_height":0,"ocean_custom_logo_mobile_max_height":0,"ocean_header_custom_menu":"","ocean_menu_typo_font_family":"","ocean_menu_typo_font_subset":"","ocean_menu_typo_font_size":0,"ocean_menu_typo_font_size_tablet":0,"ocean_menu_typo_font_size_mobile":0,"ocean_menu_typo_font_size_unit":"px","ocean_menu_typo_font_weight":"","ocean_menu_typo_font_weight_tablet":"","ocean_menu_typo_font_weight_mobile":"","ocean_menu_typo_transform":"","ocean_menu_typo_transform_tablet":"","ocean_menu_typo_transform_mobile":"","ocean_menu_typo_line_height":0,"ocean_menu_typo_line_height_tablet":0,"ocean_menu_typo_line_height_mobile":0,"ocean_menu_typo_line_height_unit":"","ocean_menu_typo_spacing":0,"ocean_menu_typo_spacing_tablet":0,"ocean_menu_typo_spacing_mobile":0,"ocean_menu_typo_spacing_unit":"","ocean_menu_link_color":"","ocean_menu_link_color_hover":"","ocean_menu_link_color_active":"","ocean_menu_link_background":"","ocean_menu_link_hover_background":"","ocean_menu_link_active_background":"","ocean_menu_social_links_bg":"","ocean_menu_social_hover_links_bg":"","ocean_menu_social_links_color":"","ocean_menu_social_hover_links_color":"","ocean_disable_title":"default","ocean_disable_heading":"default","ocean_post_title":"","ocean_post_subheading":"","ocean_post_title_style":"","ocean_post_title_background_color":"","ocean_post_title_background":0,"ocean_post_title_bg_image_position":"","ocean_post_title_bg_image_attachment":"","ocean_post_title_bg_image_repeat":"","ocean_post_title_bg_image_size":"","ocean_post_title_height":0,"ocean_post_title_bg_overlay":0.5,"ocean_post_title_bg_overlay_color":"","ocean_disable_breadcrumbs":"default","ocean_breadcrumbs_color":"","ocean_breadcrumbs_separator_color":"","ocean_breadcrumbs_links_color":"","ocean_breadcrumbs_links_hover_color":"","ocean_display_footer_widgets":"default","ocean_display_footer_bottom":"default","ocean_custom_footer_template":"","footnotes":""},"class_list":["post-4388","page","type-page","status-publish","hentry","entry","owp-thumbs-layout-horizontal","owp-btn-big","owp-tabs-layout-horizontal","has-no-thumbnails"],"jetpack_sharing_enabled":true,"_links":{"self":[{"href":"https:\/\/christellefelixformation.com\/index.php\/wp-json\/wp\/v2\/pages\/4388","targetHints":{"allow":["GET"]}}],"collection":[{"href":"https:\/\/christellefelixformation.com\/index.php\/wp-json\/wp\/v2\/pages"}],"about":[{"href":"https:\/\/christellefelixformation.com\/index.php\/wp-json\/wp\/v2\/types\/page"}],"author":[{"embeddable":true,"href":"https:\/\/christellefelixformation.com\/index.php\/wp-json\/wp\/v2\/users\/1"}],"replies":[{"embeddable":true,"href":"https:\/\/christellefelixformation.com\/index.php\/wp-json\/wp\/v2\/comments?post=4388"}],"version-history":[{"count":10,"href":"https:\/\/christellefelixformation.com\/index.php\/wp-json\/wp\/v2\/pages\/4388\/revisions"}],"predecessor-version":[{"id":4401,"href":"https:\/\/christellefelixformation.com\/index.php\/wp-json\/wp\/v2\/pages\/4388\/revisions\/4401"}],"wp:attachment":[{"href":"https:\/\/christellefelixformation.com\/index.php\/wp-json\/wp\/v2\/media?parent=4388"}],"curies":[{"name":"wp","href":"https:\/\/api.w.org\/{rel}","templated":true}]}}