{"id":503,"date":"2023-10-21T11:51:27","date_gmt":"2023-10-21T09:51:27","guid":{"rendered":"https:\/\/christellefelixformation.com\/?page_id=503"},"modified":"2023-10-31T11:29:08","modified_gmt":"2023-10-31T10:29:08","slug":"interview-my-sweet-immo-copy","status":"publish","type":"page","link":"https:\/\/christellefelixformation.com\/index.php\/interview-my-sweet-immo-copy\/","title":{"rendered":"Interview Capital"},"content":{"rendered":"\t\t<div data-elementor-type=\"wp-page\" data-elementor-id=\"503\" class=\"elementor elementor-503\">\n\t\t\t\t<div class=\"elementor-element elementor-element-5ccf1dd e-flex e-con-boxed wpr-particle-no wpr-jarallax-no wpr-parallax-no wpr-sticky-section-no e-con e-parent\" data-id=\"5ccf1dd\" data-element_type=\"container\" data-e-type=\"container\">\n\t\t\t\t\t<div class=\"e-con-inner\">\n\t\t\t\t<div class=\"elementor-element elementor-element-995a33e elementor-widget__width-initial elementor-widget elementor-widget-image\" data-id=\"995a33e\" data-element_type=\"widget\" data-e-type=\"widget\" data-widget_type=\"image.default\">\n\t\t\t\t<div class=\"elementor-widget-container\">\n\t\t\t\t\t\t\t\t\t\t\t\t\t\t\t\t<a href=\"https:\/\/www.capital.fr\/immobilier\/\">\n\t\t\t\t\t\t\t<img decoding=\"async\" width=\"316\" height=\"118\" src=\"https:\/\/christellefelixformation.com\/wp-content\/uploads\/2023\/10\/Capture-decran-2023-10-21-a-11.53.31.png\" class=\"attachment-large size-large wp-image-505\" alt=\"\" srcset=\"https:\/\/christellefelixformation.com\/wp-content\/uploads\/2023\/10\/Capture-decran-2023-10-21-a-11.53.31.png 316w, https:\/\/christellefelixformation.com\/wp-content\/uploads\/2023\/10\/Capture-decran-2023-10-21-a-11.53.31-300x112.png 300w\" sizes=\"(max-width: 316px) 100vw, 316px\" \/>\t\t\t\t\t\t\t\t<\/a>\n\t\t\t\t\t\t\t\t\t\t\t\t\t\t\t<\/div>\n\t\t\t\t<\/div>\n\t\t\t\t<div class=\"elementor-element elementor-element-14c30b0 elementor-widget elementor-widget-text-editor\" data-id=\"14c30b0\" data-element_type=\"widget\" data-e-type=\"widget\" data-widget_type=\"text-editor.default\">\n\t\t\t\t<div class=\"elementor-widget-container\">\n\t\t\t\t\t\t\t\t\t<p style=\"text-align: center;\">Retrouvez les articles de Capital immobilier <a href=\"https:\/\/www.capital.fr\/immobilier\/\">ici<\/a><\/p>\t\t\t\t\t\t\t\t<\/div>\n\t\t\t\t<\/div>\n\t\t\t\t\t<\/div>\n\t\t\t\t<\/div>\n\t\t<div class=\"elementor-element elementor-element-c8e5c6b e-con-full e-flex wpr-particle-no wpr-jarallax-no wpr-parallax-no wpr-sticky-section-no e-con e-parent\" data-id=\"c8e5c6b\" data-element_type=\"container\" data-e-type=\"container\">\n\t\t\t\t<div class=\"elementor-element elementor-element-b801211 elementor-widget elementor-widget-image\" data-id=\"b801211\" data-element_type=\"widget\" data-e-type=\"widget\" data-widget_type=\"image.default\">\n\t\t\t\t<div class=\"elementor-widget-container\">\n\t\t\t\t\t\t\t\t\t\t\t\t\t\t\t<img fetchpriority=\"high\" decoding=\"async\" width=\"1024\" height=\"979\" src=\"https:\/\/christellefelixformation.com\/wp-content\/uploads\/2023\/10\/Capture-decran-2023-10-21-a-11.51.12-1024x979.png\" class=\"attachment-large size-large wp-image-504\" alt=\"Extrait de l&#039;interview de christelle F\u00e9lix du journal Capital\" srcset=\"https:\/\/christellefelixformation.com\/wp-content\/uploads\/2023\/10\/Capture-decran-2023-10-21-a-11.51.12-1024x979.png 1024w, https:\/\/christellefelixformation.com\/wp-content\/uploads\/2023\/10\/Capture-decran-2023-10-21-a-11.51.12-600x574.png 600w, https:\/\/christellefelixformation.com\/wp-content\/uploads\/2023\/10\/Capture-decran-2023-10-21-a-11.51.12-300x287.png 300w, https:\/\/christellefelixformation.com\/wp-content\/uploads\/2023\/10\/Capture-decran-2023-10-21-a-11.51.12-768x734.png 768w, https:\/\/christellefelixformation.com\/wp-content\/uploads\/2023\/10\/Capture-decran-2023-10-21-a-11.51.12.png 1280w\" sizes=\"(max-width: 1024px) 100vw, 1024px\" \/>\t\t\t\t\t\t\t\t\t\t\t\t\t\t\t<\/div>\n\t\t\t\t<\/div>\n\t\t\t\t<\/div>\n\t\t<div class=\"elementor-element elementor-element-dd46b8c e-con-full e-flex wpr-particle-no wpr-jarallax-no wpr-parallax-no wpr-sticky-section-no e-con e-parent\" data-id=\"dd46b8c\" data-element_type=\"container\" data-e-type=\"container\">\n\t\t\t\t<div class=\"elementor-element elementor-element-08618b0 elementor-widget elementor-widget-text-editor\" data-id=\"08618b0\" data-element_type=\"widget\" data-e-type=\"widget\" data-widget_type=\"text-editor.default\">\n\t\t\t\t<div class=\"elementor-widget-container\">\n\t\t\t\t\t\t\t\t\t<h1 class=\"title\" data-reader-unique-id=\"titleElement\">Bretagne : comment cette ex-enseignante a construit un petit empire immobilier<\/h1><p data-reader-unique-id=\"1\">Pour beaucoup, vivre de ses investissements locatifs tient du doux r\u00eave, un r\u00eave qui devient de plus en plus inaccessible \u00e0 mesure que les conditions d&rsquo;octroi d&rsquo;un pr\u00eat immobilier se durcissent. Et pourtant, les r\u00e9ussites sont possibles comme l&rsquo;atteste l&rsquo;histoire incroyable de Christelle F\u00e9lix relat\u00e9e par <a href=\"https:\/\/www.leparisien.fr\/immobilier\/immobilier-comment-christelle-enseignante-est-devenue-proprietaire-de-23-logements-18-12-2022-O7BUSJNNLBBNNFC2ZUFIJK734Q.php\" target=\"_blank\" rel=\"noopener\" data-reader-unique-id=\"3\">Le Parisien<\/a>, ancienne professeure des \u00e9coles, qui au fil des ans s&rsquo;est construit un patrimoine immobilier qui ferait p\u00e2lir d&rsquo;envie certaines r\u00e9gies.<\/p><p data-reader-unique-id=\"4\">\u00ab\u00a0J\u2019\u00e9tais en qu\u00eate de sens, je voulais reprendre ma vie en mains car je sentais que je n\u2019\u00e9tais pas \u00e0 ma place dans mon m\u00e9tier\u00a0\u00bb, affirme l&rsquo;ancienne enseignante. Victime d&rsquo;un burn-out en 2013, elle d\u00e9cide de se reconvertir. Propri\u00e9taire d\u2019un deux-pi\u00e8ces \u00e0 Boulogne-Billancourt (Hauts-de-Seine), elle se donne pour objectif \u00ab\u00a0de remplacer (s)on salaire d\u2019enseignante, d\u2019environ 1.900 euros brut par mois, par des revenus \u00e9quivalents issus de loyers nets de charges et d\u2019imp\u00f4ts\u00a0\u00bb.<\/p><p data-reader-unique-id=\"15\">Rigoureuse, elle r\u00e9alise plusieurs \u00e9tudes de march\u00e9 pour choisir le bon emplacement o\u00f9 investir avant de jeter son d\u00e9volu sur Brest, non loin de l&rsquo;universit\u00e9. L\u2019enseignante franchit le pas. Elle vend son appartement boulonnais 275.000 euros et ach\u00e8te une maison de 160 m2 pour 410.000 euros (dont 160.000 euros de travaux) qu&rsquo;elle divise en sept appartements.<\/p><p data-reader-unique-id=\"17\">Son investissement se r\u00e9v\u00e8le rentable en quelques mois. \u00ab\u00a0Ce n\u2019est pas de tout repos, la rentabilit\u00e9 n\u2019est pas imm\u00e9diate, il m\u2019a fallu beaucoup apprendre mais mes revenus nets, apr\u00e8s paiement de la mensualit\u00e9 de pr\u00eat et des charges, sont sup\u00e9rieurs \u00e0 mon salaire d\u2019institutrice et je ne paye pas d\u2019imp\u00f4t sur le revenu\u00a0\u00bb, indique-t-elle.<\/p><h2 data-reader-unique-id=\"21\">Bien \u00e9tudier la fiscalit\u00e9 immobili\u00e8re<\/h2><p data-reader-unique-id=\"22\">Son secret : une excellente connaissance de la fiscalit\u00e9 immobili\u00e8re. \u00ab\u00a0Contrairement \u00e0 ce qui m\u2019\u00e9tait conseill\u00e9, j\u2019ai choisi d\u2019acheter en nom propre et non pas par le biais d\u2019une soci\u00e9t\u00e9 [&#8230;] cela \u00e9vite des frais et des contraintes administratives inutiles. J\u2019ai choisi aussi de louer en meubl\u00e9 \u00e0 l\u2019ann\u00e9e \u00e0 des \u00e9tudiants. J\u2019aurais gagn\u00e9 plus d\u2019argent en faisant de la location saisonni\u00e8re mais c\u2019\u00e9tait fiscalement plus al\u00e9atoire et pas dans mes valeurs\u00a0\u00bb, ajoute-t-elle.<\/p><p data-reader-unique-id=\"23\">Depuis, Christelle a investi avec son compagnon dans trois autres projets, portant son portefeuille immobilier \u00e0 23 appartements. Comme la rappelle Le Parisien, le couple a rejoint le club tr\u00e8s ferm\u00e9 des 3,5 % de m\u00e9nages propri\u00e9taires de plus de cinq logements, qui poss\u00e8dent \u00e0 eux seuls plus de 50 % des logements mis en location par des particuliers en France, selon l\u2019Insee.<\/p>\t\t\t\t\t\t\t\t<\/div>\n\t\t\t\t<\/div>\n\t\t\t\t<\/div>\n\t\t\t\t<\/div>\n\t\t","protected":false},"excerpt":{"rendered":"<p>Retrouvez les articles de Capital immobilier ici Bretagne : comment cette ex-enseignante a construit un petit empire immobilier Pour beaucoup, vivre de ses investissements locatifs tient du doux r\u00eave, un r\u00eave qui devient de plus en plus inaccessible \u00e0 mesure que les conditions d&rsquo;octroi d&rsquo;un pr\u00eat immobilier se durcissent. Et pourtant, les r\u00e9ussites sont possibles comme l&rsquo;atteste l&rsquo;histoire incroyable de Christelle F\u00e9lix relat\u00e9e par Le Parisien, ancienne professeure des \u00e9coles, qui au fil des ans s&rsquo;est construit un patrimoine immobilier qui ferait p\u00e2lir d&rsquo;envie certaines r\u00e9gies. \u00ab\u00a0J\u2019\u00e9tais en qu\u00eate de sens, je voulais reprendre ma vie en mains car je sentais que je n\u2019\u00e9tais pas \u00e0 ma place dans mon m\u00e9tier\u00a0\u00bb, affirme l&rsquo;ancienne enseignante. Victime d&rsquo;un burn-out en 2013, elle d\u00e9cide de se reconvertir. Propri\u00e9taire d\u2019un deux-pi\u00e8ces \u00e0 Boulogne-Billancourt (Hauts-de-Seine), elle se donne pour objectif \u00ab\u00a0de remplacer (s)on salaire d\u2019enseignante, d\u2019environ 1.900 euros brut par mois, par des revenus \u00e9quivalents issus de loyers nets de charges et d\u2019imp\u00f4ts\u00a0\u00bb. Rigoureuse, elle r\u00e9alise plusieurs \u00e9tudes de march\u00e9 pour choisir le bon emplacement o\u00f9 investir avant de jeter son d\u00e9volu sur Brest, non loin de l&rsquo;universit\u00e9. L\u2019enseignante franchit le pas. Elle vend son appartement boulonnais 275.000 euros et ach\u00e8te une maison de 160 m2 pour 410.000 euros (dont 160.000 euros de travaux) qu&rsquo;elle divise en sept appartements. Son investissement se r\u00e9v\u00e8le rentable en quelques mois. \u00ab\u00a0Ce n\u2019est pas de tout repos, la rentabilit\u00e9 n\u2019est pas imm\u00e9diate, il m\u2019a fallu beaucoup apprendre mais mes revenus nets, apr\u00e8s paiement de la mensualit\u00e9 de pr\u00eat et des charges, sont sup\u00e9rieurs \u00e0 mon salaire d\u2019institutrice et je ne paye pas d\u2019imp\u00f4t sur le revenu\u00a0\u00bb, indique-t-elle. Bien \u00e9tudier la fiscalit\u00e9 immobili\u00e8re Son secret : une excellente connaissance de la fiscalit\u00e9 immobili\u00e8re. \u00ab\u00a0Contrairement \u00e0 ce qui m\u2019\u00e9tait conseill\u00e9, j\u2019ai choisi d\u2019acheter en nom propre et non pas par le biais d\u2019une soci\u00e9t\u00e9 [&#8230;] cela \u00e9vite des frais et des contraintes administratives inutiles. J\u2019ai choisi aussi de louer en meubl\u00e9 \u00e0 l\u2019ann\u00e9e \u00e0 des \u00e9tudiants. J\u2019aurais gagn\u00e9 plus d\u2019argent en faisant de la location saisonni\u00e8re mais c\u2019\u00e9tait fiscalement plus al\u00e9atoire et pas dans mes valeurs\u00a0\u00bb, ajoute-t-elle. Depuis, Christelle a investi avec son compagnon dans trois autres projets, portant son portefeuille immobilier \u00e0 23 appartements. Comme la rappelle Le Parisien, le couple a rejoint le club tr\u00e8s ferm\u00e9 des 3,5 % de m\u00e9nages propri\u00e9taires de plus de cinq logements, qui poss\u00e8dent \u00e0 eux seuls plus de 50 % des logements mis en location par des particuliers en France, selon l\u2019Insee.<\/p>\n","protected":false},"author":1,"featured_media":0,"parent":0,"menu_order":0,"comment_status":"closed","ping_status":"closed","template":"","meta":{"_eb_attr":"","ocean_post_layout":"","ocean_both_sidebars_style":"","ocean_both_sidebars_content_width":0,"ocean_both_sidebars_sidebars_width":0,"ocean_sidebar":"","ocean_second_sidebar":"","ocean_disable_margins":"enable","ocean_add_body_class":"","ocean_shortcode_before_top_bar":"","ocean_shortcode_after_top_bar":"","ocean_shortcode_before_header":"","ocean_shortcode_after_header":"","ocean_has_shortcode":"","ocean_shortcode_after_title":"","ocean_shortcode_before_footer_widgets":"","ocean_shortcode_after_footer_widgets":"","ocean_shortcode_before_footer_bottom":"","ocean_shortcode_after_footer_bottom":"","ocean_display_top_bar":"default","ocean_display_header":"default","ocean_header_style":"","ocean_center_header_left_menu":"","ocean_custom_header_template":"","ocean_custom_logo":0,"ocean_custom_retina_logo":0,"ocean_custom_logo_max_width":0,"ocean_custom_logo_tablet_max_width":0,"ocean_custom_logo_mobile_max_width":0,"ocean_custom_logo_max_height":0,"ocean_custom_logo_tablet_max_height":0,"ocean_custom_logo_mobile_max_height":0,"ocean_header_custom_menu":"","ocean_menu_typo_font_family":"","ocean_menu_typo_font_subset":"","ocean_menu_typo_font_size":0,"ocean_menu_typo_font_size_tablet":0,"ocean_menu_typo_font_size_mobile":0,"ocean_menu_typo_font_size_unit":"px","ocean_menu_typo_font_weight":"","ocean_menu_typo_font_weight_tablet":"","ocean_menu_typo_font_weight_mobile":"","ocean_menu_typo_transform":"","ocean_menu_typo_transform_tablet":"","ocean_menu_typo_transform_mobile":"","ocean_menu_typo_line_height":0,"ocean_menu_typo_line_height_tablet":0,"ocean_menu_typo_line_height_mobile":0,"ocean_menu_typo_line_height_unit":"","ocean_menu_typo_spacing":0,"ocean_menu_typo_spacing_tablet":0,"ocean_menu_typo_spacing_mobile":0,"ocean_menu_typo_spacing_unit":"","ocean_menu_link_color":"","ocean_menu_link_color_hover":"","ocean_menu_link_color_active":"","ocean_menu_link_background":"","ocean_menu_link_hover_background":"","ocean_menu_link_active_background":"","ocean_menu_social_links_bg":"","ocean_menu_social_hover_links_bg":"","ocean_menu_social_links_color":"","ocean_menu_social_hover_links_color":"","ocean_disable_title":"default","ocean_disable_heading":"default","ocean_post_title":"","ocean_post_subheading":"","ocean_post_title_style":"","ocean_post_title_background_color":"","ocean_post_title_background":0,"ocean_post_title_bg_image_position":"","ocean_post_title_bg_image_attachment":"","ocean_post_title_bg_image_repeat":"","ocean_post_title_bg_image_size":"","ocean_post_title_height":0,"ocean_post_title_bg_overlay":0.5,"ocean_post_title_bg_overlay_color":"","ocean_disable_breadcrumbs":"default","ocean_breadcrumbs_color":"","ocean_breadcrumbs_separator_color":"","ocean_breadcrumbs_links_color":"","ocean_breadcrumbs_links_hover_color":"","ocean_display_footer_widgets":"default","ocean_display_footer_bottom":"default","ocean_custom_footer_template":"","footnotes":""},"class_list":["post-503","page","type-page","status-publish","hentry","entry","owp-thumbs-layout-horizontal","owp-btn-big","owp-tabs-layout-horizontal","has-no-thumbnails"],"jetpack_sharing_enabled":true,"_links":{"self":[{"href":"https:\/\/christellefelixformation.com\/index.php\/wp-json\/wp\/v2\/pages\/503","targetHints":{"allow":["GET"]}}],"collection":[{"href":"https:\/\/christellefelixformation.com\/index.php\/wp-json\/wp\/v2\/pages"}],"about":[{"href":"https:\/\/christellefelixformation.com\/index.php\/wp-json\/wp\/v2\/types\/page"}],"author":[{"embeddable":true,"href":"https:\/\/christellefelixformation.com\/index.php\/wp-json\/wp\/v2\/users\/1"}],"replies":[{"embeddable":true,"href":"https:\/\/christellefelixformation.com\/index.php\/wp-json\/wp\/v2\/comments?post=503"}],"version-history":[{"count":3,"href":"https:\/\/christellefelixformation.com\/index.php\/wp-json\/wp\/v2\/pages\/503\/revisions"}],"predecessor-version":[{"id":1837,"href":"https:\/\/christellefelixformation.com\/index.php\/wp-json\/wp\/v2\/pages\/503\/revisions\/1837"}],"wp:attachment":[{"href":"https:\/\/christellefelixformation.com\/index.php\/wp-json\/wp\/v2\/media?parent=503"}],"curies":[{"name":"wp","href":"https:\/\/api.w.org\/{rel}","templated":true}]}}