{"id":517,"date":"2023-10-21T12:05:47","date_gmt":"2023-10-21T10:05:47","guid":{"rendered":"https:\/\/christellefelixformation.com\/?page_id=517"},"modified":"2023-10-21T12:17:43","modified_gmt":"2023-10-21T10:17:43","slug":"interview-le-parisien","status":"publish","type":"page","link":"https:\/\/christellefelixformation.com\/index.php\/interview-le-parisien\/","title":{"rendered":"Interview Le Parisien"},"content":{"rendered":"\t\t<div data-elementor-type=\"wp-page\" data-elementor-id=\"517\" class=\"elementor elementor-517\">\n\t\t\t\t<div class=\"elementor-element elementor-element-5ccf1dd e-flex e-con-boxed wpr-particle-no wpr-jarallax-no wpr-parallax-no wpr-sticky-section-no e-con e-parent\" data-id=\"5ccf1dd\" data-element_type=\"container\" data-e-type=\"container\">\n\t\t\t\t\t<div class=\"e-con-inner\">\n\t\t\t\t<div class=\"elementor-element elementor-element-995a33e elementor-widget__width-initial elementor-widget elementor-widget-image\" data-id=\"995a33e\" data-element_type=\"widget\" data-e-type=\"widget\" data-widget_type=\"image.default\">\n\t\t\t\t<div class=\"elementor-widget-container\">\n\t\t\t\t\t\t\t\t\t\t\t\t\t\t\t\t<a href=\"https:\/\/www.leparisien.fr\/immobilier\/\">\n\t\t\t\t\t\t\t<img decoding=\"async\" width=\"296\" height=\"104\" src=\"https:\/\/christellefelixformation.com\/wp-content\/uploads\/2023\/10\/Capture-decran-2023-10-21-a-12.04.47.png\" class=\"attachment-large size-large wp-image-520\" alt=\"\" \/>\t\t\t\t\t\t\t\t<\/a>\n\t\t\t\t\t\t\t\t\t\t\t\t\t\t\t<\/div>\n\t\t\t\t<\/div>\n\t\t\t\t\t<\/div>\n\t\t\t\t<\/div>\n\t\t<div class=\"elementor-element elementor-element-c8e5c6b e-con-full e-flex wpr-particle-no wpr-jarallax-no wpr-parallax-no wpr-sticky-section-no e-con e-parent\" data-id=\"c8e5c6b\" data-element_type=\"container\" data-e-type=\"container\">\n\t\t\t\t<div class=\"elementor-element elementor-element-b801211 elementor-widget elementor-widget-image\" data-id=\"b801211\" data-element_type=\"widget\" data-e-type=\"widget\" data-widget_type=\"image.default\">\n\t\t\t\t<div class=\"elementor-widget-container\">\n\t\t\t\t\t\t\t\t\t\t\t\t\t\t\t<img fetchpriority=\"high\" decoding=\"async\" width=\"1024\" height=\"268\" src=\"https:\/\/christellefelixformation.com\/wp-content\/uploads\/2023\/10\/Capture-decran-2023-10-21-a-12.04.38-1024x268.png\" class=\"attachment-large size-large wp-image-519\" alt=\"\" srcset=\"https:\/\/christellefelixformation.com\/wp-content\/uploads\/2023\/10\/Capture-decran-2023-10-21-a-12.04.38-1024x268.png 1024w, https:\/\/christellefelixformation.com\/wp-content\/uploads\/2023\/10\/Capture-decran-2023-10-21-a-12.04.38-600x157.png 600w, https:\/\/christellefelixformation.com\/wp-content\/uploads\/2023\/10\/Capture-decran-2023-10-21-a-12.04.38-300x79.png 300w, https:\/\/christellefelixformation.com\/wp-content\/uploads\/2023\/10\/Capture-decran-2023-10-21-a-12.04.38-768x201.png 768w, https:\/\/christellefelixformation.com\/wp-content\/uploads\/2023\/10\/Capture-decran-2023-10-21-a-12.04.38-1536x402.png 1536w, https:\/\/christellefelixformation.com\/wp-content\/uploads\/2023\/10\/Capture-decran-2023-10-21-a-12.04.38-2048x537.png 2048w\" sizes=\"(max-width: 1024px) 100vw, 1024px\" \/>\t\t\t\t\t\t\t\t\t\t\t\t\t\t\t<\/div>\n\t\t\t\t<\/div>\n\t\t\t\t<div class=\"elementor-element elementor-element-f153810 elementor-widget elementor-widget-text-editor\" data-id=\"f153810\" data-element_type=\"widget\" data-e-type=\"widget\" data-widget_type=\"text-editor.default\">\n\t\t\t\t<div class=\"elementor-widget-container\">\n\t\t\t\t\t\t\t\t\t<p><span data-reader-unique-id=\"67\">Par <a href=\"safari-reader:\/\/www.leparisien.fr\/auteur\/delphine-denuit\/\" data-reader-unique-id=\"68\">Delphine Denuit<\/a>\u00a0 &#8211;\u00a0<\/span>Le 18 d\u00e9cembre 2022 \u00e0 10h00, modifi\u00e9 le 20 d\u00e9cembre 2022 \u00e0 07h42<\/p>\t\t\t\t\t\t\t\t<\/div>\n\t\t\t\t<\/div>\n\t\t\t\t<div class=\"elementor-element elementor-element-2c216a2 elementor-widget elementor-widget-image\" data-id=\"2c216a2\" data-element_type=\"widget\" data-e-type=\"widget\" data-widget_type=\"image.default\">\n\t\t\t\t<div class=\"elementor-widget-container\">\n\t\t\t\t\t\t\t\t\t\t\t\t\t\t\t<img decoding=\"async\" width=\"932\" height=\"582\" src=\"https:\/\/christellefelixformation.com\/wp-content\/uploads\/2023\/10\/KNEZRJPRZJGN7OT6HDM5R24YEI.jpg\" class=\"attachment-large size-large wp-image-521\" alt=\"Christelle sur le chantier de la division de maison en immeuble\" srcset=\"https:\/\/christellefelixformation.com\/wp-content\/uploads\/2023\/10\/KNEZRJPRZJGN7OT6HDM5R24YEI.jpg 932w, https:\/\/christellefelixformation.com\/wp-content\/uploads\/2023\/10\/KNEZRJPRZJGN7OT6HDM5R24YEI-600x375.jpg 600w, https:\/\/christellefelixformation.com\/wp-content\/uploads\/2023\/10\/KNEZRJPRZJGN7OT6HDM5R24YEI-300x187.jpg 300w, https:\/\/christellefelixformation.com\/wp-content\/uploads\/2023\/10\/KNEZRJPRZJGN7OT6HDM5R24YEI-768x480.jpg 768w\" sizes=\"(max-width: 932px) 100vw, 932px\" \/>\t\t\t\t\t\t\t\t\t\t\t\t\t\t\t<\/div>\n\t\t\t\t<\/div>\n\t\t\t\t<div class=\"elementor-element elementor-element-885940c elementor-widget elementor-widget-text-editor\" data-id=\"885940c\" data-element_type=\"widget\" data-e-type=\"widget\" data-widget_type=\"text-editor.default\">\n\t\t\t\t<div class=\"elementor-widget-container\">\n\t\t\t\t\t\t\t\t\t<p>Christelle F\u00e9lix g\u00e8re aujourd&rsquo;hui un patrimoine immobilier compos\u00e9 de 23 logements situ\u00e9s dans toute la France. DR<\/p>\t\t\t\t\t\t\t\t<\/div>\n\t\t\t\t<\/div>\n\t\t\t\t<\/div>\n\t\t<div class=\"elementor-element elementor-element-dd46b8c e-con-full e-flex wpr-particle-no wpr-jarallax-no wpr-parallax-no wpr-sticky-section-no e-con e-parent\" data-id=\"dd46b8c\" data-element_type=\"container\" data-e-type=\"container\">\n\t\t\t\t<div class=\"elementor-element elementor-element-08618b0 elementor-widget elementor-widget-text-editor\" data-id=\"08618b0\" data-element_type=\"widget\" data-e-type=\"widget\" data-widget_type=\"text-editor.default\">\n\t\t\t\t<div class=\"elementor-widget-container\">\n\t\t\t\t\t\t\t\t\t<p data-reader-unique-id=\"1\">Elle s\u2019est int\u00e9ress\u00e9e \u00e0 l\u2019immobilier sur le tas et s\u2019est piqu\u00e9e au jeu. Aujourd\u2019hui \u00e0 la t\u00eate d\u2019un patrimoine de 23 appartements, Christelle F\u00e9lix vit de ses locations avec son compagnon. Rien dans son parcours ne la destinait \u00e0<a href=\"https:\/\/www.leparisien.fr\/immobilier\/\" target=\"_blank\" rel=\"noopener\" data-original-fontsize=\"20px\" data-original-lineheight=\"30px\" data-reader-unique-id=\"40\"> l\u2019immobilier. <\/a>Sauf peut-\u00eatre cette soif d\u2019ind\u00e9pendance. \u00ab J\u2019\u00e9tais en qu\u00eate de sens, je voulais reprendre ma vie en mains car je sentais que je n\u2019\u00e9tais pas \u00e0 ma place dans mon m\u00e9tier \u00bb, pr\u00e9cise-t-elle d\u2019embl\u00e9e.<\/p>\t\t\t\t\t\t\t\t<\/div>\n\t\t\t\t<\/div>\n\t\t<div class=\"elementor-element elementor-element-1f59ffe e-con-full e-flex wpr-particle-no wpr-jarallax-no wpr-parallax-no wpr-sticky-section-no e-con e-child\" data-id=\"1f59ffe\" data-element_type=\"container\" data-e-type=\"container\">\n\t\t\t\t<div class=\"elementor-element elementor-element-dffd937 elementor-widget elementor-widget-image\" data-id=\"dffd937\" data-element_type=\"widget\" data-e-type=\"widget\" data-widget_type=\"image.default\">\n\t\t\t\t<div class=\"elementor-widget-container\">\n\t\t\t\t\t\t\t\t\t\t\t\t\t\t\t\t<a href=\"https:\/\/www.leparisien.fr\/immobilier\/immobilier-comment-christelle-enseignante-est-devenue-proprietaire-de-23-logements-18-12-2022-O7BUSJNNLBBNNFC2ZUFIJK734Q.php\">\n\t\t\t\t\t\t\t<img loading=\"lazy\" decoding=\"async\" width=\"1024\" height=\"84\" src=\"https:\/\/christellefelixformation.com\/wp-content\/uploads\/2023\/10\/Capture-decran-2023-10-21-a-12.15.54-1024x84.png\" class=\"attachment-large size-large wp-image-540\" alt=\"\" srcset=\"https:\/\/christellefelixformation.com\/wp-content\/uploads\/2023\/10\/Capture-decran-2023-10-21-a-12.15.54-1024x84.png 1024w, https:\/\/christellefelixformation.com\/wp-content\/uploads\/2023\/10\/Capture-decran-2023-10-21-a-12.15.54-600x49.png 600w, https:\/\/christellefelixformation.com\/wp-content\/uploads\/2023\/10\/Capture-decran-2023-10-21-a-12.15.54-300x25.png 300w, https:\/\/christellefelixformation.com\/wp-content\/uploads\/2023\/10\/Capture-decran-2023-10-21-a-12.15.54-768x63.png 768w, https:\/\/christellefelixformation.com\/wp-content\/uploads\/2023\/10\/Capture-decran-2023-10-21-a-12.15.54-1200x100.png 1200w, https:\/\/christellefelixformation.com\/wp-content\/uploads\/2023\/10\/Capture-decran-2023-10-21-a-12.15.54.png 1216w\" sizes=\"(max-width: 1024px) 100vw, 1024px\" \/>\t\t\t\t\t\t\t\t<\/a>\n\t\t\t\t\t\t\t\t\t\t\t\t\t\t\t<\/div>\n\t\t\t\t<\/div>\n\t\t\t\t<\/div>\n\t\t\t\t<\/div>\n\t\t\t\t<\/div>\n\t\t","protected":false},"excerpt":{"rendered":"<p>Par Delphine Denuit\u00a0 &#8211;\u00a0Le 18 d\u00e9cembre 2022 \u00e0 10h00, modifi\u00e9 le 20 d\u00e9cembre 2022 \u00e0 07h42 Christelle F\u00e9lix g\u00e8re aujourd&rsquo;hui un patrimoine immobilier compos\u00e9 de 23 logements situ\u00e9s dans toute la France. DR Elle s\u2019est int\u00e9ress\u00e9e \u00e0 l\u2019immobilier sur le tas et s\u2019est piqu\u00e9e au jeu. Aujourd\u2019hui \u00e0 la t\u00eate d\u2019un patrimoine de 23 appartements, Christelle F\u00e9lix vit de ses locations avec son compagnon. Rien dans son parcours ne la destinait \u00e0 l\u2019immobilier. Sauf peut-\u00eatre cette soif d\u2019ind\u00e9pendance. \u00ab J\u2019\u00e9tais en qu\u00eate de sens, je voulais reprendre ma vie en mains car je sentais que je n\u2019\u00e9tais pas \u00e0 ma place dans mon m\u00e9tier \u00bb, pr\u00e9cise-t-elle d\u2019embl\u00e9e.<\/p>\n","protected":false},"author":1,"featured_media":0,"parent":0,"menu_order":0,"comment_status":"closed","ping_status":"closed","template":"","meta":{"_eb_attr":"","ocean_post_layout":"","ocean_both_sidebars_style":"","ocean_both_sidebars_content_width":0,"ocean_both_sidebars_sidebars_width":0,"ocean_sidebar":"","ocean_second_sidebar":"","ocean_disable_margins":"enable","ocean_add_body_class":"","ocean_shortcode_before_top_bar":"","ocean_shortcode_after_top_bar":"","ocean_shortcode_before_header":"","ocean_shortcode_after_header":"","ocean_has_shortcode":"","ocean_shortcode_after_title":"","ocean_shortcode_before_footer_widgets":"","ocean_shortcode_after_footer_widgets":"","ocean_shortcode_before_footer_bottom":"","ocean_shortcode_after_footer_bottom":"","ocean_display_top_bar":"default","ocean_display_header":"default","ocean_header_style":"","ocean_center_header_left_menu":"","ocean_custom_header_template":"","ocean_custom_logo":0,"ocean_custom_retina_logo":0,"ocean_custom_logo_max_width":0,"ocean_custom_logo_tablet_max_width":0,"ocean_custom_logo_mobile_max_width":0,"ocean_custom_logo_max_height":0,"ocean_custom_logo_tablet_max_height":0,"ocean_custom_logo_mobile_max_height":0,"ocean_header_custom_menu":"","ocean_menu_typo_font_family":"","ocean_menu_typo_font_subset":"","ocean_menu_typo_font_size":0,"ocean_menu_typo_font_size_tablet":0,"ocean_menu_typo_font_size_mobile":0,"ocean_menu_typo_font_size_unit":"px","ocean_menu_typo_font_weight":"","ocean_menu_typo_font_weight_tablet":"","ocean_menu_typo_font_weight_mobile":"","ocean_menu_typo_transform":"","ocean_menu_typo_transform_tablet":"","ocean_menu_typo_transform_mobile":"","ocean_menu_typo_line_height":0,"ocean_menu_typo_line_height_tablet":0,"ocean_menu_typo_line_height_mobile":0,"ocean_menu_typo_line_height_unit":"","ocean_menu_typo_spacing":0,"ocean_menu_typo_spacing_tablet":0,"ocean_menu_typo_spacing_mobile":0,"ocean_menu_typo_spacing_unit":"","ocean_menu_link_color":"","ocean_menu_link_color_hover":"","ocean_menu_link_color_active":"","ocean_menu_link_background":"","ocean_menu_link_hover_background":"","ocean_menu_link_active_background":"","ocean_menu_social_links_bg":"","ocean_menu_social_hover_links_bg":"","ocean_menu_social_links_color":"","ocean_menu_social_hover_links_color":"","ocean_disable_title":"default","ocean_disable_heading":"default","ocean_post_title":"","ocean_post_subheading":"","ocean_post_title_style":"","ocean_post_title_background_color":"","ocean_post_title_background":0,"ocean_post_title_bg_image_position":"","ocean_post_title_bg_image_attachment":"","ocean_post_title_bg_image_repeat":"","ocean_post_title_bg_image_size":"","ocean_post_title_height":0,"ocean_post_title_bg_overlay":0.5,"ocean_post_title_bg_overlay_color":"","ocean_disable_breadcrumbs":"default","ocean_breadcrumbs_color":"","ocean_breadcrumbs_separator_color":"","ocean_breadcrumbs_links_color":"","ocean_breadcrumbs_links_hover_color":"","ocean_display_footer_widgets":"default","ocean_display_footer_bottom":"default","ocean_custom_footer_template":"","footnotes":""},"class_list":["post-517","page","type-page","status-publish","hentry","entry","owp-thumbs-layout-horizontal","owp-btn-big","owp-tabs-layout-horizontal","has-no-thumbnails"],"jetpack_sharing_enabled":true,"_links":{"self":[{"href":"https:\/\/christellefelixformation.com\/index.php\/wp-json\/wp\/v2\/pages\/517","targetHints":{"allow":["GET"]}}],"collection":[{"href":"https:\/\/christellefelixformation.com\/index.php\/wp-json\/wp\/v2\/pages"}],"about":[{"href":"https:\/\/christellefelixformation.com\/index.php\/wp-json\/wp\/v2\/types\/page"}],"author":[{"embeddable":true,"href":"https:\/\/christellefelixformation.com\/index.php\/wp-json\/wp\/v2\/users\/1"}],"replies":[{"embeddable":true,"href":"https:\/\/christellefelixformation.com\/index.php\/wp-json\/wp\/v2\/comments?post=517"}],"version-history":[{"count":0,"href":"https:\/\/christellefelixformation.com\/index.php\/wp-json\/wp\/v2\/pages\/517\/revisions"}],"wp:attachment":[{"href":"https:\/\/christellefelixformation.com\/index.php\/wp-json\/wp\/v2\/media?parent=517"}],"curies":[{"name":"wp","href":"https:\/\/api.w.org\/{rel}","templated":true}]}}